{"id":41563,"date":"2025-08-28T10:23:22","date_gmt":"2025-08-28T10:23:22","guid":{"rendered":"http:\/\/newvt.verticaltechnik.ch\/product\/remplacement-du-soubassement-de-surface-pandora-box\/"},"modified":"2025-08-28T10:23:22","modified_gmt":"2025-08-28T10:23:22","slug":"remplacement-du-soubassement-de-surface-pandora-box","status":"publish","type":"product","link":"https:\/\/verticaltechnik.ch\/fr\/product\/remplacement-du-soubassement-de-surface-pandora-box\/","title":{"rendered":"Remplacement du soubassement de surface Pandora Box"},"content":{"rendered":"<p>D\u00e9montage du rev\u00eatement de sol existant et de l&rsquo;ancien soubassement. D\u00e9coupe, marquage des per\u00e7ages, per\u00e7age, chanfreinage du nouveau soubassement. Peinture des bords et des per\u00e7ages avec du Solarit. Montage du nouveau soubassement et remontage du rev\u00eatement de sol existant. Mat\u00e9riel de visserie et \u00e9limination des d\u00e9chets inclus.    <\/p>\n","protected":false},"excerpt":{"rendered":"<p>D\u00e9montage du rev\u00eatement de sol existant et de l&rsquo;ancien soubassement. D\u00e9coupe, marquage des per\u00e7ages, per\u00e7age, chanfreinage du nouveau soubassement. Peinture des bords et des per\u00e7ages avec du Solarit. Montage du&#8230;<\/p>\n","protected":false},"featured_media":43084,"template":"","meta":[],"product_brand":[],"product_cat":[11746],"product_tag":[],"class_list":{"0":"post-41563","1":"product","2":"type-product","3":"status-publish","4":"has-post-thumbnail","6":"product_cat-remplacement-du-revetement-anti-encastrement","8":"first","9":"instock","10":"shipping-taxable","11":"purchasable","12":"product-type-simple"},"_links":{"self":[{"href":"https:\/\/verticaltechnik.ch\/fr\/wp-json\/wp\/v2\/product\/41563","targetHints":{"allow":["GET"]}}],"collection":[{"href":"https:\/\/verticaltechnik.ch\/fr\/wp-json\/wp\/v2\/product"}],"about":[{"href":"https:\/\/verticaltechnik.ch\/fr\/wp-json\/wp\/v2\/types\/product"}],"wp:featuredmedia":[{"embeddable":true,"href":"https:\/\/verticaltechnik.ch\/fr\/wp-json\/wp\/v2\/media\/43084"}],"wp:attachment":[{"href":"https:\/\/verticaltechnik.ch\/fr\/wp-json\/wp\/v2\/media?parent=41563"}],"wp:term":[{"taxonomy":"product_brand","embeddable":true,"href":"https:\/\/verticaltechnik.ch\/fr\/wp-json\/wp\/v2\/product_brand?post=41563"},{"taxonomy":"product_cat","embeddable":true,"href":"https:\/\/verticaltechnik.ch\/fr\/wp-json\/wp\/v2\/product_cat?post=41563"},{"taxonomy":"product_tag","embeddable":true,"href":"https:\/\/verticaltechnik.ch\/fr\/wp-json\/wp\/v2\/product_tag?post=41563"}],"curies":[{"name":"wp","href":"https:\/\/api.w.org\/{rel}","templated":true}]}}