{"id":41581,"date":"2025-08-28T10:23:21","date_gmt":"2025-08-28T10:23:21","guid":{"rendered":"http:\/\/newvt.verticaltechnik.ch\/product\/remplacement-du-revetement-de-soubassement-pandora-box-600x1-5m\/"},"modified":"2025-08-28T10:23:21","modified_gmt":"2025-08-28T10:23:21","slug":"remplacement-du-revetement-de-soubassement-pandora-box-600x1-5m","status":"publish","type":"product","link":"https:\/\/verticaltechnik.ch\/fr\/produit\/remplacement-du-revetement-de-soubassement-pandora-box-600x1-5m\/","title":{"rendered":"Remplacement du rev\u00eatement de soubassement Pandora Box 600&#215;1.5m"},"content":{"rendered":"<p>D\u00e9montage du rev\u00eatement de sol existant et de l&rsquo;ancien rev\u00eatement de soubassement. D\u00e9coupe, marquage des per\u00e7ages, per\u00e7age, chanfreinage du nouveau rev\u00eatement de soubassement. Peinture des bords et des per\u00e7ages avec du Solarit. Montage du nouveau rev\u00eatement de soubassement et remontage du rev\u00eatement de sol existant. Mat\u00e9riel de visserie et \u00e9limination des anciens mat\u00e9riaux inclus.     <\/p>\n","protected":false},"excerpt":{"rendered":"<p>D\u00e9montage du rev\u00eatement de sol existant et de l&rsquo;ancien rev\u00eatement de soubassement. D\u00e9coupe, marquage des per\u00e7ages, per\u00e7age, chanfreinage du nouveau rev\u00eatement de soubassement. Peinture des bords et des per\u00e7ages avec&#8230;<\/p>\n","protected":false},"featured_media":43088,"template":"","meta":[],"product_brand":[],"product_cat":[11746],"product_tag":[],"class_list":{"0":"post-41581","1":"product","2":"type-product","3":"status-publish","4":"has-post-thumbnail","6":"product_cat-remplacement-du-revetement-anti-encastrement","8":"first","9":"instock","10":"shipping-taxable","11":"purchasable","12":"product-type-simple"},"_links":{"self":[{"href":"https:\/\/verticaltechnik.ch\/fr\/wp-json\/wp\/v2\/product\/41581","targetHints":{"allow":["GET"]}}],"collection":[{"href":"https:\/\/verticaltechnik.ch\/fr\/wp-json\/wp\/v2\/product"}],"about":[{"href":"https:\/\/verticaltechnik.ch\/fr\/wp-json\/wp\/v2\/types\/product"}],"wp:featuredmedia":[{"embeddable":true,"href":"https:\/\/verticaltechnik.ch\/fr\/wp-json\/wp\/v2\/media\/43088"}],"wp:attachment":[{"href":"https:\/\/verticaltechnik.ch\/fr\/wp-json\/wp\/v2\/media?parent=41581"}],"wp:term":[{"taxonomy":"product_brand","embeddable":true,"href":"https:\/\/verticaltechnik.ch\/fr\/wp-json\/wp\/v2\/product_brand?post=41581"},{"taxonomy":"product_cat","embeddable":true,"href":"https:\/\/verticaltechnik.ch\/fr\/wp-json\/wp\/v2\/product_cat?post=41581"},{"taxonomy":"product_tag","embeddable":true,"href":"https:\/\/verticaltechnik.ch\/fr\/wp-json\/wp\/v2\/product_tag?post=41581"}],"curies":[{"name":"wp","href":"https:\/\/api.w.org\/{rel}","templated":true}]}}