{"id":41682,"date":"2025-08-28T10:32:10","date_gmt":"2025-08-28T10:32:10","guid":{"rendered":"http:\/\/newvt.verticaltechnik.ch\/product\/poncage-de-surface-en-beton\/"},"modified":"2025-08-28T10:32:10","modified_gmt":"2025-08-28T10:32:10","slug":"poncage-de-surface-en-beton","status":"publish","type":"product","link":"https:\/\/verticaltechnik.ch\/fr\/product\/poncage-de-surface-en-beton\/","title":{"rendered":"Pon\u00e7age de surface en b\u00e9ton"},"content":{"rendered":"<p>Installation du chantier, travaux pr\u00e9paratoires, pon\u00e7age du b\u00e9ton max. 5 mm, y compris l&rsquo;utilisation des machines et l&rsquo;usure des meules diamant\u00e9es, traitement ult\u00e9rieur avec un scellant pour b\u00e9ton (1 couche de silicate de sodium \u00e0 base de verre soluble), nettoyage et \u00e9limination de la poussi\u00e8re de pon\u00e7age. <\/p>\n","protected":false},"excerpt":{"rendered":"<p>Installation du chantier, travaux pr\u00e9paratoires, pon\u00e7age du b\u00e9ton max. 5 mm, y compris l&rsquo;utilisation des machines et l&rsquo;usure des meules diamant\u00e9es, traitement ult\u00e9rieur avec un scellant pour b\u00e9ton (1 couche&#8230;<\/p>\n","protected":false},"featured_media":42716,"template":"","meta":[],"product_brand":[],"product_cat":[11766],"product_tag":[],"class_list":{"0":"post-41682","1":"product","2":"type-product","3":"status-publish","4":"has-post-thumbnail","6":"product_cat-skateparks-en-beton","8":"first","9":"instock","10":"shipping-taxable","11":"purchasable","12":"product-type-simple"},"_links":{"self":[{"href":"https:\/\/verticaltechnik.ch\/fr\/wp-json\/wp\/v2\/product\/41682","targetHints":{"allow":["GET"]}}],"collection":[{"href":"https:\/\/verticaltechnik.ch\/fr\/wp-json\/wp\/v2\/product"}],"about":[{"href":"https:\/\/verticaltechnik.ch\/fr\/wp-json\/wp\/v2\/types\/product"}],"wp:featuredmedia":[{"embeddable":true,"href":"https:\/\/verticaltechnik.ch\/fr\/wp-json\/wp\/v2\/media\/42716"}],"wp:attachment":[{"href":"https:\/\/verticaltechnik.ch\/fr\/wp-json\/wp\/v2\/media?parent=41682"}],"wp:term":[{"taxonomy":"product_brand","embeddable":true,"href":"https:\/\/verticaltechnik.ch\/fr\/wp-json\/wp\/v2\/product_brand?post=41682"},{"taxonomy":"product_cat","embeddable":true,"href":"https:\/\/verticaltechnik.ch\/fr\/wp-json\/wp\/v2\/product_cat?post=41682"},{"taxonomy":"product_tag","embeddable":true,"href":"https:\/\/verticaltechnik.ch\/fr\/wp-json\/wp\/v2\/product_tag?post=41682"}],"curies":[{"name":"wp","href":"https:\/\/api.w.org\/{rel}","templated":true}]}}