{"id":42125,"date":"2025-08-28T10:43:13","date_gmt":"2025-08-28T10:43:13","guid":{"rendered":"http:\/\/newvt.verticaltechnik.ch\/product\/microrampe-de-surface-exchange-under-plattform-950x3-96m\/"},"modified":"2025-08-28T10:43:13","modified_gmt":"2025-08-28T10:43:13","slug":"microrampe-de-surface-exchange-under-plattform-950x3-96m","status":"publish","type":"product","link":"https:\/\/verticaltechnik.ch\/fr\/produit\/microrampe-de-surface-exchange-under-plattform-950x3-96m\/","title":{"rendered":"Microrampe de surface Exchange Under Plattform 950&#215;3.96m"},"content":{"rendered":"<p>D\u00e9montage du rev\u00eatement de sol existant et des anciennes lattes en bois. D\u00e9coupe et montage de nouvelles lattes en bois, puis remontage du rev\u00eatement de sol existant. Mat\u00e9riel de visserie et \u00e9limination des d\u00e9chets inclus.   <\/p>\n","protected":false},"excerpt":{"rendered":"<p>D\u00e9montage du rev\u00eatement de sol existant et des anciennes lattes en bois. D\u00e9coupe et montage de nouvelles lattes en bois, puis remontage du rev\u00eatement de sol existant. Mat\u00e9riel de visserie&#8230;<\/p>\n","protected":false},"featured_media":42644,"template":"","meta":[],"product_brand":[],"product_cat":[11746],"product_tag":[],"class_list":{"0":"post-42125","1":"product","2":"type-product","3":"status-publish","4":"has-post-thumbnail","6":"product_cat-remplacement-du-revetement-anti-encastrement","8":"first","9":"instock","10":"shipping-taxable","11":"purchasable","12":"product-type-simple"},"_links":{"self":[{"href":"https:\/\/verticaltechnik.ch\/fr\/wp-json\/wp\/v2\/product\/42125","targetHints":{"allow":["GET"]}}],"collection":[{"href":"https:\/\/verticaltechnik.ch\/fr\/wp-json\/wp\/v2\/product"}],"about":[{"href":"https:\/\/verticaltechnik.ch\/fr\/wp-json\/wp\/v2\/types\/product"}],"wp:featuredmedia":[{"embeddable":true,"href":"https:\/\/verticaltechnik.ch\/fr\/wp-json\/wp\/v2\/media\/42644"}],"wp:attachment":[{"href":"https:\/\/verticaltechnik.ch\/fr\/wp-json\/wp\/v2\/media?parent=42125"}],"wp:term":[{"taxonomy":"product_brand","embeddable":true,"href":"https:\/\/verticaltechnik.ch\/fr\/wp-json\/wp\/v2\/product_brand?post=42125"},{"taxonomy":"product_cat","embeddable":true,"href":"https:\/\/verticaltechnik.ch\/fr\/wp-json\/wp\/v2\/product_cat?post=42125"},{"taxonomy":"product_tag","embeddable":true,"href":"https:\/\/verticaltechnik.ch\/fr\/wp-json\/wp\/v2\/product_tag?post=42125"}],"curies":[{"name":"wp","href":"https:\/\/api.w.org\/{rel}","templated":true}]}}