{"id":48179,"date":"2025-08-28T09:39:59","date_gmt":"2025-08-28T09:39:59","guid":{"rendered":"https:\/\/newvt.verticaltechnik.ch\/product\/pole-jam-40-square-tube-80-x-40\/"},"modified":"2026-02-04T13:26:15","modified_gmt":"2026-02-04T13:26:15","slug":"pole-jam-40-square-tube-80-x-40","status":"publish","type":"product","link":"https:\/\/verticaltechnik.ch\/fr\/produit\/pole-jam-40-square-tube-80-x-40\/","title":{"rendered":"Pole Jam 40\u00b0 square tube 80 x 40"},"content":{"rendered":"<p>Un Pole Jam est une barre oblique qui sort du sol. Il sert \u00e0 rouler dessus et \u00e0 faire un saut radical en hauteur. On ne roule pas avec les roues, mais avec les essieux. Un ollie n&rsquo;est donc pas n\u00e9cessaire pour sauter sur la barre. Des grinds ou des slides sont r\u00e9alis\u00e9s en pla\u00e7ant le skateboard perpendiculairement ou longitudinalement au Pole Jam. Un Pole Jam est un \u00e9l\u00e9ment exigeant dans un skatepark.      <\/p>\n","protected":false},"excerpt":{"rendered":"<p>Un Pole Jam est une barre oblique qui sort du sol. Il sert \u00e0 rouler dessus et \u00e0 faire un saut radical en hauteur. On ne roule pas avec les&#8230;<\/p>\n","protected":false},"featured_media":45178,"template":"","meta":[],"product_brand":[],"product_cat":[11850],"product_tag":[],"class_list":{"0":"post-48179","1":"product","2":"type-product","3":"status-publish","4":"has-post-thumbnail","6":"product_cat-pole-jam-40","8":"first","9":"instock","10":"shipping-taxable","11":"purchasable","12":"product-type-simple"},"_links":{"self":[{"href":"https:\/\/verticaltechnik.ch\/fr\/wp-json\/wp\/v2\/product\/48179","targetHints":{"allow":["GET"]}}],"collection":[{"href":"https:\/\/verticaltechnik.ch\/fr\/wp-json\/wp\/v2\/product"}],"about":[{"href":"https:\/\/verticaltechnik.ch\/fr\/wp-json\/wp\/v2\/types\/product"}],"wp:featuredmedia":[{"embeddable":true,"href":"https:\/\/verticaltechnik.ch\/fr\/wp-json\/wp\/v2\/media\/45178"}],"wp:attachment":[{"href":"https:\/\/verticaltechnik.ch\/fr\/wp-json\/wp\/v2\/media?parent=48179"}],"wp:term":[{"taxonomy":"product_brand","embeddable":true,"href":"https:\/\/verticaltechnik.ch\/fr\/wp-json\/wp\/v2\/product_brand?post=48179"},{"taxonomy":"product_cat","embeddable":true,"href":"https:\/\/verticaltechnik.ch\/fr\/wp-json\/wp\/v2\/product_cat?post=48179"},{"taxonomy":"product_tag","embeddable":true,"href":"https:\/\/verticaltechnik.ch\/fr\/wp-json\/wp\/v2\/product_tag?post=48179"}],"curies":[{"name":"wp","href":"https:\/\/api.w.org\/{rel}","templated":true}]}}