{"id":48382,"date":"2025-08-28T09:42:20","date_gmt":"2025-08-28T09:42:20","guid":{"rendered":"https:\/\/newvt.verticaltechnik.ch\/product\/pick-nick-table-steel-300-600-x-2-9m\/"},"modified":"2026-02-04T13:44:39","modified_gmt":"2026-02-04T13:44:39","slug":"pick-nick-table-steel-300-600-x-2-9m","status":"publish","type":"product","link":"https:\/\/verticaltechnik.ch\/fr\/produit\/pick-nick-table-steel-300-600-x-2-9m\/","title":{"rendered":"Pick Nick Table steel 300 600 x 2.9m"},"content":{"rendered":"<p>Une Pick Nick Table sert \u00e0 sauter avec un Ollie sur l&rsquo;assise ou la table et \u00e0 y r\u00e9aliser une figure. Des grinds ou des slides sont alors effectu\u00e9s. Une Pick Nick Table est un module suppl\u00e9mentaire qui peut \u00e9galement \u00eatre install\u00e9 apr\u00e8s un kicker.   Il convient \u00e0 tous les niveaux de difficult\u00e9. <\/p>\n","protected":false},"excerpt":{"rendered":"<p>Une Pick Nick Table sert \u00e0 sauter avec un Ollie sur l&rsquo;assise ou la table et \u00e0 y r\u00e9aliser une figure. Des grinds ou des slides sont alors effectu\u00e9s. Une&#8230;<\/p>\n","protected":false},"featured_media":45038,"template":"","meta":[],"product_brand":[],"product_cat":[11890],"product_tag":[],"class_list":{"0":"post-48382","1":"product","2":"type-product","3":"status-publish","4":"has-post-thumbnail","6":"product_cat-table-de-pique-nique-en-acier","8":"first","9":"instock","10":"shipping-taxable","11":"purchasable","12":"product-type-simple"},"_links":{"self":[{"href":"https:\/\/verticaltechnik.ch\/fr\/wp-json\/wp\/v2\/product\/48382","targetHints":{"allow":["GET"]}}],"collection":[{"href":"https:\/\/verticaltechnik.ch\/fr\/wp-json\/wp\/v2\/product"}],"about":[{"href":"https:\/\/verticaltechnik.ch\/fr\/wp-json\/wp\/v2\/types\/product"}],"wp:featuredmedia":[{"embeddable":true,"href":"https:\/\/verticaltechnik.ch\/fr\/wp-json\/wp\/v2\/media\/45038"}],"wp:attachment":[{"href":"https:\/\/verticaltechnik.ch\/fr\/wp-json\/wp\/v2\/media?parent=48382"}],"wp:term":[{"taxonomy":"product_brand","embeddable":true,"href":"https:\/\/verticaltechnik.ch\/fr\/wp-json\/wp\/v2\/product_brand?post=48382"},{"taxonomy":"product_cat","embeddable":true,"href":"https:\/\/verticaltechnik.ch\/fr\/wp-json\/wp\/v2\/product_cat?post=48382"},{"taxonomy":"product_tag","embeddable":true,"href":"https:\/\/verticaltechnik.ch\/fr\/wp-json\/wp\/v2\/product_tag?post=48382"}],"curies":[{"name":"wp","href":"https:\/\/api.w.org\/{rel}","templated":true}]}}