{"id":48389,"date":"2025-08-28T09:42:17","date_gmt":"2025-08-28T09:42:17","guid":{"rendered":"https:\/\/newvt.verticaltechnik.ch\/product\/table-a-wheeling-en-acier-200-x-25-m-rebord-en-pierre\/"},"modified":"2026-02-04T13:43:32","modified_gmt":"2026-02-04T13:43:32","slug":"table-a-wheeling-en-acier-200-x-25-m-rebord-en-pierre","status":"publish","type":"product","link":"https:\/\/verticaltechnik.ch\/fr\/produit\/table-a-wheeling-en-acier-200-x-25-m-rebord-en-pierre\/","title":{"rendered":"Table \u00e0 wheeling en acier 200 x 2,5 m + rebord en pierre"},"content":{"rendered":"<p>Ce module se compose d&rsquo;une bo\u00eete sur laquelle on peut sauter avec un ollie. Sur la surface, on r\u00e9alise des figures comme des wheelies (tenir en \u00e9quilibre sur deux roues). D&rsquo;un wheelie, on peut d\u00e9river d&rsquo;innombrables variations que l&rsquo;on ajoute lors de la descente, comme par exemple un flip \u00e0 360\u00b0 (rotation du skateboard de 360\u00b0 sur l&rsquo;axe longitudinal) pour ensuite atterrir \u00e0 nouveau dessus. Ce module offre de nombreuses possibilit\u00e9s d&rsquo;\u00eatre cr\u00e9atif. C&rsquo;est un module de base tr\u00e8s populaire dans un skatepark. S&rsquo;il y a suffisamment de place, diff\u00e9rentes hauteurs devraient \u00eatre disponibles afin de proposer diff\u00e9rents niveaux de difficult\u00e9.<br \/>\nLa Stone Ledge est tr\u00e8s appr\u00e9ci\u00e9e pour les propri\u00e9t\u00e9s de glisse id\u00e9ales de sa surface de glisse en granit noir finement polie. On y r\u00e9alise des figures comme le Tailslide, le Noseslide ou les Grinds, et de nombreuses combinaisons sont possibles. L&rsquo;utilisation procure une sensation de conduite particuli\u00e8rement agr\u00e9able avec un contr\u00f4le parfait de la planche.   <\/p>\n","protected":false},"excerpt":{"rendered":"<p>Ce module se compose d&rsquo;une bo\u00eete sur laquelle on peut sauter avec un ollie. Sur la surface, on r\u00e9alise des figures comme des wheelies (tenir en \u00e9quilibre sur deux roues)&#8230;.<\/p>\n","protected":false},"featured_media":45050,"template":"","meta":[],"product_brand":[],"product_cat":[11922],"product_tag":[],"class_list":{"0":"post-48389","1":"product","2":"type-product","3":"status-publish","4":"has-post-thumbnail","6":"product_cat-table-wheelie","8":"first","9":"instock","10":"shipping-taxable","11":"purchasable","12":"product-type-simple"},"_links":{"self":[{"href":"https:\/\/verticaltechnik.ch\/fr\/wp-json\/wp\/v2\/product\/48389","targetHints":{"allow":["GET"]}}],"collection":[{"href":"https:\/\/verticaltechnik.ch\/fr\/wp-json\/wp\/v2\/product"}],"about":[{"href":"https:\/\/verticaltechnik.ch\/fr\/wp-json\/wp\/v2\/types\/product"}],"wp:featuredmedia":[{"embeddable":true,"href":"https:\/\/verticaltechnik.ch\/fr\/wp-json\/wp\/v2\/media\/45050"}],"wp:attachment":[{"href":"https:\/\/verticaltechnik.ch\/fr\/wp-json\/wp\/v2\/media?parent=48389"}],"wp:term":[{"taxonomy":"product_brand","embeddable":true,"href":"https:\/\/verticaltechnik.ch\/fr\/wp-json\/wp\/v2\/product_brand?post=48389"},{"taxonomy":"product_cat","embeddable":true,"href":"https:\/\/verticaltechnik.ch\/fr\/wp-json\/wp\/v2\/product_cat?post=48389"},{"taxonomy":"product_tag","embeddable":true,"href":"https:\/\/verticaltechnik.ch\/fr\/wp-json\/wp\/v2\/product_tag?post=48389"}],"curies":[{"name":"wp","href":"https:\/\/api.w.org\/{rel}","templated":true}]}}