{"id":48397,"date":"2025-08-28T09:42:13","date_gmt":"2025-08-28T09:42:13","guid":{"rendered":"https:\/\/newvt.verticaltechnik.ch\/product\/rail-f-x-6m-pour-table-wheelie-200\/"},"modified":"2026-02-04T14:17:47","modified_gmt":"2026-02-04T14:17:47","slug":"rail-f-x-6m-pour-table-wheelie-200","status":"publish","type":"product","link":"https:\/\/verticaltechnik.ch\/fr\/produit\/rail-f-x-6m-pour-table-wheelie-200\/","title":{"rendered":"Rail F x 6m pour table Wheelie 200"},"content":{"rendered":"<p>Ce module se compose d&rsquo;une bo\u00eete sur laquelle on peut sauter avec un ollie. Sur la surface, on r\u00e9alise des figures comme des wheelies (tenir en \u00e9quilibre sur deux roues). D&rsquo;un wheelie, on peut d\u00e9river d&rsquo;innombrables variations que l&rsquo;on ajoute lors de la descente, comme par exemple un flip \u00e0 360\u00b0 (rotation du skateboard de 360\u00b0 sur l&rsquo;axe longitudinal) pour ensuite atterrir \u00e0 nouveau dessus. Ce module offre de nombreuses possibilit\u00e9s d&rsquo;\u00eatre cr\u00e9atif. C&rsquo;est un module de base tr\u00e8s populaire dans un skatepark. S&rsquo;il y a suffisamment de place, diff\u00e9rentes hauteurs devraient \u00eatre disponibles afin de proposer diff\u00e9rents niveaux de difficult\u00e9.<br \/>\nUn rail ou un railslide sert \u00e0 sauter sur la barre avec un ollie et \u00e0 glisser le long de celle-ci. Des grinds ou des slides sont r\u00e9alis\u00e9s en pla\u00e7ant le skateboard perpendiculairement ou longitudinalement au rail. Des milliers de figures et de variantes peuvent \u00eatre r\u00e9alis\u00e9es sur le module. Du simple boardslide \u00e0 la combinaison de plusieurs figures, tout est possible. Un railslide est un module de base qui ne devrait manquer dans aucun skatepark. Il convient \u00e0 tous les niveaux de difficult\u00e9.      <\/p>\n","protected":false},"excerpt":{"rendered":"<p>Ce module se compose d&rsquo;une bo\u00eete sur laquelle on peut sauter avec un ollie. Sur la surface, on r\u00e9alise des figures comme des wheelies (tenir en \u00e9quilibre sur deux roues)&#8230;.<\/p>\n","protected":false},"featured_media":45062,"template":"","meta":[],"product_brand":[],"product_cat":[11922],"product_tag":[],"class_list":{"0":"post-48397","1":"product","2":"type-product","3":"status-publish","4":"has-post-thumbnail","6":"product_cat-table-wheelie","8":"first","9":"instock","10":"shipping-taxable","11":"purchasable","12":"product-type-simple"},"_links":{"self":[{"href":"https:\/\/verticaltechnik.ch\/fr\/wp-json\/wp\/v2\/product\/48397","targetHints":{"allow":["GET"]}}],"collection":[{"href":"https:\/\/verticaltechnik.ch\/fr\/wp-json\/wp\/v2\/product"}],"about":[{"href":"https:\/\/verticaltechnik.ch\/fr\/wp-json\/wp\/v2\/types\/product"}],"wp:featuredmedia":[{"embeddable":true,"href":"https:\/\/verticaltechnik.ch\/fr\/wp-json\/wp\/v2\/media\/45062"}],"wp:attachment":[{"href":"https:\/\/verticaltechnik.ch\/fr\/wp-json\/wp\/v2\/media?parent=48397"}],"wp:term":[{"taxonomy":"product_brand","embeddable":true,"href":"https:\/\/verticaltechnik.ch\/fr\/wp-json\/wp\/v2\/product_brand?post=48397"},{"taxonomy":"product_cat","embeddable":true,"href":"https:\/\/verticaltechnik.ch\/fr\/wp-json\/wp\/v2\/product_cat?post=48397"},{"taxonomy":"product_tag","embeddable":true,"href":"https:\/\/verticaltechnik.ch\/fr\/wp-json\/wp\/v2\/product_tag?post=48397"}],"curies":[{"name":"wp","href":"https:\/\/api.w.org\/{rel}","templated":true}]}}