{"id":48405,"date":"2025-08-28T09:33:23","date_gmt":"2025-08-28T09:33:23","guid":{"rendered":"https:\/\/newvt.verticaltechnik.ch\/product\/granite-curved-curb\/"},"modified":"2026-03-17T14:02:11","modified_gmt":"2026-03-17T14:02:11","slug":"granite-curved-curb","status":"publish","type":"product","link":"https:\/\/verticaltechnik.ch\/fr\/product\/granite-curved-curb\/","title":{"rendered":"Granite Curved Curb"},"content":{"rendered":"<p>Le Granite Curved Curb est tr\u00e8s appr\u00e9ci\u00e9 en raison des propri\u00e9t\u00e9s de glisse id\u00e9ales de sa surface de glisse en granit finement polie. On y r\u00e9alise des figures telles que des tailslides, des noseslides ou des grinds, et de nombreuses combinaisons sont possibles. L&rsquo;utilisation procure une sensation de conduite particuli\u00e8rement agr\u00e9able avec un contr\u00f4le parfait de la planche.  <\/p>\n","protected":false},"excerpt":{"rendered":"<p>Le Granite Curved Curb est tr\u00e8s appr\u00e9ci\u00e9 en raison des propri\u00e9t\u00e9s de glisse id\u00e9ales de sa surface de glisse en granit finement polie. On y r\u00e9alise des figures telles que&#8230;<\/p>\n","protected":false},"featured_media":45462,"template":"","meta":[],"product_brand":[],"product_cat":[11893,12357],"product_tag":[],"class_list":{"0":"post-48405","1":"product","2":"type-product","3":"status-publish","4":"has-post-thumbnail","6":"product_cat-rebords","7":"product_cat-mobilier-urbain","9":"first","10":"instock","11":"shipping-taxable","12":"purchasable","13":"product-type-simple"},"_links":{"self":[{"href":"https:\/\/verticaltechnik.ch\/fr\/wp-json\/wp\/v2\/product\/48405","targetHints":{"allow":["GET"]}}],"collection":[{"href":"https:\/\/verticaltechnik.ch\/fr\/wp-json\/wp\/v2\/product"}],"about":[{"href":"https:\/\/verticaltechnik.ch\/fr\/wp-json\/wp\/v2\/types\/product"}],"wp:featuredmedia":[{"embeddable":true,"href":"https:\/\/verticaltechnik.ch\/fr\/wp-json\/wp\/v2\/media\/45462"}],"wp:attachment":[{"href":"https:\/\/verticaltechnik.ch\/fr\/wp-json\/wp\/v2\/media?parent=48405"}],"wp:term":[{"taxonomy":"product_brand","embeddable":true,"href":"https:\/\/verticaltechnik.ch\/fr\/wp-json\/wp\/v2\/product_brand?post=48405"},{"taxonomy":"product_cat","embeddable":true,"href":"https:\/\/verticaltechnik.ch\/fr\/wp-json\/wp\/v2\/product_cat?post=48405"},{"taxonomy":"product_tag","embeddable":true,"href":"https:\/\/verticaltechnik.ch\/fr\/wp-json\/wp\/v2\/product_tag?post=48405"}],"curies":[{"name":"wp","href":"https:\/\/api.w.org\/{rel}","templated":true}]}}