{"id":48407,"date":"2025-08-28T09:33:20","date_gmt":"2025-08-28T09:33:20","guid":{"rendered":"https:\/\/newvt.verticaltechnik.ch\/product\/granite-a-frame\/"},"modified":"2025-08-28T09:33:20","modified_gmt":"2025-08-28T09:33:20","slug":"granite-a-frame","status":"publish","type":"product","link":"https:\/\/verticaltechnik.ch\/fr\/product\/granite-a-frame\/","title":{"rendered":"Granite A-Frame"},"content":{"rendered":"<p>Un A-Frame est un module central avec deux plans inclin\u00e9s. Il peut \u00eatre survol\u00e9 en sautant sur le premier plan inclin\u00e9, en faisant une figure dans les airs et en atterrissant ensuite sur le deuxi\u00e8me plan inclin\u00e9. <\/p>\n","protected":false},"excerpt":{"rendered":"<p>Un A-Frame est un module central avec deux plans inclin\u00e9s. Il peut \u00eatre survol\u00e9 en sautant sur le premier plan inclin\u00e9, en faisant une figure dans les airs et en&#8230;<\/p>\n","protected":false},"featured_media":45470,"template":"","meta":[],"product_brand":[],"product_cat":[11895],"product_tag":[],"class_list":{"0":"post-48407","1":"product","2":"type-product","3":"status-publish","4":"has-post-thumbnail","6":"product_cat-baby-foot-2","8":"first","9":"instock","10":"shipping-taxable","11":"purchasable","12":"product-type-simple"},"_links":{"self":[{"href":"https:\/\/verticaltechnik.ch\/fr\/wp-json\/wp\/v2\/product\/48407","targetHints":{"allow":["GET"]}}],"collection":[{"href":"https:\/\/verticaltechnik.ch\/fr\/wp-json\/wp\/v2\/product"}],"about":[{"href":"https:\/\/verticaltechnik.ch\/fr\/wp-json\/wp\/v2\/types\/product"}],"wp:featuredmedia":[{"embeddable":true,"href":"https:\/\/verticaltechnik.ch\/fr\/wp-json\/wp\/v2\/media\/45470"}],"wp:attachment":[{"href":"https:\/\/verticaltechnik.ch\/fr\/wp-json\/wp\/v2\/media?parent=48407"}],"wp:term":[{"taxonomy":"product_brand","embeddable":true,"href":"https:\/\/verticaltechnik.ch\/fr\/wp-json\/wp\/v2\/product_brand?post=48407"},{"taxonomy":"product_cat","embeddable":true,"href":"https:\/\/verticaltechnik.ch\/fr\/wp-json\/wp\/v2\/product_cat?post=48407"},{"taxonomy":"product_tag","embeddable":true,"href":"https:\/\/verticaltechnik.ch\/fr\/wp-json\/wp\/v2\/product_tag?post=48407"}],"curies":[{"name":"wp","href":"https:\/\/api.w.org\/{rel}","templated":true}]}}