{"id":48411,"date":"2025-08-28T09:33:22","date_gmt":"2025-08-28T09:33:22","guid":{"rendered":"https:\/\/newvt.verticaltechnik.ch\/product\/granite-curb-wall\/"},"modified":"2026-03-17T14:02:38","modified_gmt":"2026-03-17T14:02:38","slug":"granite-curb-wall","status":"publish","type":"product","link":"https:\/\/verticaltechnik.ch\/fr\/product\/granite-curb-wall\/","title":{"rendered":"Granite Curb Wall"},"content":{"rendered":"<p>La Granite Curb Wall est tr\u00e8s populaire en raison des propri\u00e9t\u00e9s de glisse id\u00e9ales de sa surface finement polie en granit. Son utilisation est vari\u00e9e et diff\u00e9rents types de figures peuvent \u00eatre r\u00e9alis\u00e9s.  <\/p>\n","protected":false},"excerpt":{"rendered":"<p>La Granite Curb Wall est tr\u00e8s populaire en raison des propri\u00e9t\u00e9s de glisse id\u00e9ales de sa surface finement polie en granit. Son utilisation est vari\u00e9e et diff\u00e9rents types de figures&#8230;<\/p>\n","protected":false},"featured_media":45466,"template":"","meta":[],"product_brand":[],"product_cat":[11893,12357],"product_tag":[],"class_list":{"0":"post-48411","1":"product","2":"type-product","3":"status-publish","4":"has-post-thumbnail","6":"product_cat-rebords","7":"product_cat-mobilier-urbain","9":"first","10":"instock","11":"shipping-taxable","12":"purchasable","13":"product-type-simple"},"_links":{"self":[{"href":"https:\/\/verticaltechnik.ch\/fr\/wp-json\/wp\/v2\/product\/48411","targetHints":{"allow":["GET"]}}],"collection":[{"href":"https:\/\/verticaltechnik.ch\/fr\/wp-json\/wp\/v2\/product"}],"about":[{"href":"https:\/\/verticaltechnik.ch\/fr\/wp-json\/wp\/v2\/types\/product"}],"wp:featuredmedia":[{"embeddable":true,"href":"https:\/\/verticaltechnik.ch\/fr\/wp-json\/wp\/v2\/media\/45466"}],"wp:attachment":[{"href":"https:\/\/verticaltechnik.ch\/fr\/wp-json\/wp\/v2\/media?parent=48411"}],"wp:term":[{"taxonomy":"product_brand","embeddable":true,"href":"https:\/\/verticaltechnik.ch\/fr\/wp-json\/wp\/v2\/product_brand?post=48411"},{"taxonomy":"product_cat","embeddable":true,"href":"https:\/\/verticaltechnik.ch\/fr\/wp-json\/wp\/v2\/product_cat?post=48411"},{"taxonomy":"product_tag","embeddable":true,"href":"https:\/\/verticaltechnik.ch\/fr\/wp-json\/wp\/v2\/product_tag?post=48411"}],"curies":[{"name":"wp","href":"https:\/\/api.w.org\/{rel}","templated":true}]}}