{"id":48433,"date":"2025-08-28T09:33:14","date_gmt":"2025-08-28T09:33:14","guid":{"rendered":"https:\/\/newvt.verticaltechnik.ch\/product\/granite-curb-lite\/"},"modified":"2026-03-17T14:03:09","modified_gmt":"2026-03-17T14:03:09","slug":"granite-curb-lite","status":"publish","type":"product","link":"https:\/\/verticaltechnik.ch\/fr\/product\/granite-curb-lite\/","title":{"rendered":"Granite Curb Lite"},"content":{"rendered":"<p>Le Granite Curb est tr\u00e8s populaire en raison des propri\u00e9t\u00e9s de glisse id\u00e9ales de sa surface de glisse en granit finement polie. On y r\u00e9alise des figures telles que des tailslides, des noseslides ou des grinds, et de nombreuses combinaisons sont possibles. L&rsquo;utilisation procure une sensation de conduite particuli\u00e8rement agr\u00e9able avec un contr\u00f4le parfait de la planche.   <\/p>\n","protected":false},"excerpt":{"rendered":"<p>Le Granite Curb est tr\u00e8s populaire en raison des propri\u00e9t\u00e9s de glisse id\u00e9ales de sa surface de glisse en granit finement polie. On y r\u00e9alise des figures telles que des&#8230;<\/p>\n","protected":false},"featured_media":45494,"template":"","meta":[],"product_brand":[],"product_cat":[11893,11907,12357],"product_tag":[],"class_list":{"0":"post-48433","1":"product","2":"type-product","3":"status-publish","4":"has-post-thumbnail","6":"product_cat-rebords","7":"product_cat-installations-de-skate-en-granit","8":"product_cat-mobilier-urbain","10":"first","11":"instock","12":"shipping-taxable","13":"purchasable","14":"product-type-simple"},"_links":{"self":[{"href":"https:\/\/verticaltechnik.ch\/fr\/wp-json\/wp\/v2\/product\/48433","targetHints":{"allow":["GET"]}}],"collection":[{"href":"https:\/\/verticaltechnik.ch\/fr\/wp-json\/wp\/v2\/product"}],"about":[{"href":"https:\/\/verticaltechnik.ch\/fr\/wp-json\/wp\/v2\/types\/product"}],"wp:featuredmedia":[{"embeddable":true,"href":"https:\/\/verticaltechnik.ch\/fr\/wp-json\/wp\/v2\/media\/45494"}],"wp:attachment":[{"href":"https:\/\/verticaltechnik.ch\/fr\/wp-json\/wp\/v2\/media?parent=48433"}],"wp:term":[{"taxonomy":"product_brand","embeddable":true,"href":"https:\/\/verticaltechnik.ch\/fr\/wp-json\/wp\/v2\/product_brand?post=48433"},{"taxonomy":"product_cat","embeddable":true,"href":"https:\/\/verticaltechnik.ch\/fr\/wp-json\/wp\/v2\/product_cat?post=48433"},{"taxonomy":"product_tag","embeddable":true,"href":"https:\/\/verticaltechnik.ch\/fr\/wp-json\/wp\/v2\/product_tag?post=48433"}],"curies":[{"name":"wp","href":"https:\/\/api.w.org\/{rel}","templated":true}]}}