{"id":48435,"date":"2025-08-28T09:33:06","date_gmt":"2025-08-28T09:33:06","guid":{"rendered":"https:\/\/newvt.verticaltechnik.ch\/product\/rebord-en-pierre-de-granit-350-420-x-25-m\/"},"modified":"2026-02-04T13:33:35","modified_gmt":"2026-02-04T13:33:35","slug":"rebord-en-pierre-de-granit-350-420-x-25-m","status":"publish","type":"product","link":"https:\/\/verticaltechnik.ch\/fr\/produit\/rebord-en-pierre-de-granit-350-420-x-25-m\/","title":{"rendered":"Rebord en pierre de granit 350 420 x 2,5 m"},"content":{"rendered":"<p>La Stone Ledge est tr\u00e8s appr\u00e9ci\u00e9e pour les propri\u00e9t\u00e9s de glisse id\u00e9ales de sa surface de glisse en granit noir finement polie. On y r\u00e9alise des figures comme le Tailslide, le Noseslide ou les Grinds, et de nombreuses combinaisons sont possibles. L&rsquo;utilisation procure une sensation de conduite particuli\u00e8rement agr\u00e9able avec un contr\u00f4le parfait de la planche.   <\/p>\n","protected":false},"excerpt":{"rendered":"<p>La Stone Ledge est tr\u00e8s appr\u00e9ci\u00e9e pour les propri\u00e9t\u00e9s de glisse id\u00e9ales de sa surface de glisse en granit noir finement polie. On y r\u00e9alise des figures comme le Tailslide,&#8230;<\/p>\n","protected":false},"featured_media":45502,"template":"","meta":[],"product_brand":[],"product_cat":[11905,11847],"product_tag":[],"class_list":{"0":"post-48435","1":"product","2":"type-product","3":"status-publish","4":"has-post-thumbnail","6":"product_cat-rebords-3","7":"product_cat-boites-a-figures","9":"first","10":"instock","11":"shipping-taxable","12":"purchasable","13":"product-type-simple"},"_links":{"self":[{"href":"https:\/\/verticaltechnik.ch\/fr\/wp-json\/wp\/v2\/product\/48435","targetHints":{"allow":["GET"]}}],"collection":[{"href":"https:\/\/verticaltechnik.ch\/fr\/wp-json\/wp\/v2\/product"}],"about":[{"href":"https:\/\/verticaltechnik.ch\/fr\/wp-json\/wp\/v2\/types\/product"}],"wp:featuredmedia":[{"embeddable":true,"href":"https:\/\/verticaltechnik.ch\/fr\/wp-json\/wp\/v2\/media\/45502"}],"wp:attachment":[{"href":"https:\/\/verticaltechnik.ch\/fr\/wp-json\/wp\/v2\/media?parent=48435"}],"wp:term":[{"taxonomy":"product_brand","embeddable":true,"href":"https:\/\/verticaltechnik.ch\/fr\/wp-json\/wp\/v2\/product_brand?post=48435"},{"taxonomy":"product_cat","embeddable":true,"href":"https:\/\/verticaltechnik.ch\/fr\/wp-json\/wp\/v2\/product_cat?post=48435"},{"taxonomy":"product_tag","embeddable":true,"href":"https:\/\/verticaltechnik.ch\/fr\/wp-json\/wp\/v2\/product_tag?post=48435"}],"curies":[{"name":"wp","href":"https:\/\/api.w.org\/{rel}","templated":true}]}}