{"id":48478,"date":"2025-08-28T09:51:00","date_gmt":"2025-08-28T09:51:00","guid":{"rendered":"https:\/\/newvt.verticaltechnik.ch\/product\/pyramid-600-x-3-ledge-rail-r\/"},"modified":"2025-08-28T09:51:00","modified_gmt":"2025-08-28T09:51:00","slug":"pyramid-600-x-3-ledge-rail-r","status":"publish","type":"product","link":"https:\/\/verticaltechnik.ch\/fr\/produit\/pyramid-600-x-3-ledge-rail-r\/","title":{"rendered":"Pyramid 600 x 3 + Ledge + Rail R"},"content":{"rendered":"<p>La pyramide est une extension d&rsquo;une Pandora Box. Elle est ferm\u00e9e sur trois c\u00f4t\u00e9s et accessible de tous les c\u00f4t\u00e9s. On peut la franchir par un coin et r\u00e9aliser des figures comme des Kick Flips to Fakie, ce qui permet de modifier la direction de 90\u00b0. Cependant, on peut aussi la survoler dans le sens de la longueur, comme une Pandora Box, ou r\u00e9aliser des figures sur les murs et les rails.    <\/p>\n","protected":false},"excerpt":{"rendered":"<p>La pyramide est une extension d&rsquo;une Pandora Box. Elle est ferm\u00e9e sur trois c\u00f4t\u00e9s et accessible de tous les c\u00f4t\u00e9s. On peut la franchir par un coin et r\u00e9aliser des&#8230;<\/p>\n","protected":false},"featured_media":44650,"template":"","meta":[],"product_brand":[],"product_cat":[11919],"product_tag":[],"class_list":{"0":"post-48478","1":"product","2":"type-product","3":"status-publish","4":"has-post-thumbnail","6":"product_cat-pyramides-standard","8":"first","9":"instock","10":"shipping-taxable","11":"purchasable","12":"product-type-simple"},"_links":{"self":[{"href":"https:\/\/verticaltechnik.ch\/fr\/wp-json\/wp\/v2\/product\/48478","targetHints":{"allow":["GET"]}}],"collection":[{"href":"https:\/\/verticaltechnik.ch\/fr\/wp-json\/wp\/v2\/product"}],"about":[{"href":"https:\/\/verticaltechnik.ch\/fr\/wp-json\/wp\/v2\/types\/product"}],"wp:featuredmedia":[{"embeddable":true,"href":"https:\/\/verticaltechnik.ch\/fr\/wp-json\/wp\/v2\/media\/44650"}],"wp:attachment":[{"href":"https:\/\/verticaltechnik.ch\/fr\/wp-json\/wp\/v2\/media?parent=48478"}],"wp:term":[{"taxonomy":"product_brand","embeddable":true,"href":"https:\/\/verticaltechnik.ch\/fr\/wp-json\/wp\/v2\/product_brand?post=48478"},{"taxonomy":"product_cat","embeddable":true,"href":"https:\/\/verticaltechnik.ch\/fr\/wp-json\/wp\/v2\/product_cat?post=48478"},{"taxonomy":"product_tag","embeddable":true,"href":"https:\/\/verticaltechnik.ch\/fr\/wp-json\/wp\/v2\/product_tag?post=48478"}],"curies":[{"name":"wp","href":"https:\/\/api.w.org\/{rel}","templated":true}]}}