{"id":48521,"date":"2025-08-28T09:42:01","date_gmt":"2025-08-28T09:42:01","guid":{"rendered":"https:\/\/newvt.verticaltechnik.ch\/product\/handicapped-gap-500-1-32-m-with-rail\/"},"modified":"2026-02-04T14:46:39","modified_gmt":"2026-02-04T14:46:39","slug":"handicapped-gap-500-1-32-m-with-rail","status":"publish","type":"product","link":"https:\/\/verticaltechnik.ch\/fr\/produit\/handicapped-gap-500-1-32-m-with-rail\/","title":{"rendered":"Handicapped Gap 500 1.32 m with Rail"},"content":{"rendered":"<p>Ce module peut \u00eatre utilis\u00e9 comme un kicker pour sauter par-dessus la plateforme. En r\u00e9alit\u00e9, on le trouve souvent dans les zones industrielles. Ce produit est compatible avec&nbsp;: le coffrage K00599  <\/p>\n","protected":false},"excerpt":{"rendered":"<p>Ce module peut \u00eatre utilis\u00e9 comme un kicker pour sauter par-dessus la plateforme. En r\u00e9alit\u00e9, on le trouve souvent dans les zones industrielles. Ce produit est compatible avec&nbsp;: le coffrage&#8230;<\/p>\n","protected":false},"featured_media":45086,"template":"","meta":[],"product_brand":[],"product_cat":[11839],"product_tag":[],"class_list":{"0":"post-48521","1":"product","2":"type-product","3":"status-publish","4":"has-post-thumbnail","6":"product_cat-handicaped-gap","8":"first","9":"instock","10":"shipping-taxable","11":"purchasable","12":"product-type-simple"},"_links":{"self":[{"href":"https:\/\/verticaltechnik.ch\/fr\/wp-json\/wp\/v2\/product\/48521","targetHints":{"allow":["GET"]}}],"collection":[{"href":"https:\/\/verticaltechnik.ch\/fr\/wp-json\/wp\/v2\/product"}],"about":[{"href":"https:\/\/verticaltechnik.ch\/fr\/wp-json\/wp\/v2\/types\/product"}],"wp:featuredmedia":[{"embeddable":true,"href":"https:\/\/verticaltechnik.ch\/fr\/wp-json\/wp\/v2\/media\/45086"}],"wp:attachment":[{"href":"https:\/\/verticaltechnik.ch\/fr\/wp-json\/wp\/v2\/media?parent=48521"}],"wp:term":[{"taxonomy":"product_brand","embeddable":true,"href":"https:\/\/verticaltechnik.ch\/fr\/wp-json\/wp\/v2\/product_brand?post=48521"},{"taxonomy":"product_cat","embeddable":true,"href":"https:\/\/verticaltechnik.ch\/fr\/wp-json\/wp\/v2\/product_cat?post=48521"},{"taxonomy":"product_tag","embeddable":true,"href":"https:\/\/verticaltechnik.ch\/fr\/wp-json\/wp\/v2\/product_tag?post=48521"}],"curies":[{"name":"wp","href":"https:\/\/api.w.org\/{rel}","templated":true}]}}