{"id":48527,"date":"2025-08-28T09:41:17","date_gmt":"2025-08-28T09:41:17","guid":{"rendered":"https:\/\/newvt.verticaltechnik.ch\/product\/barre-laterale-pour-handicapped-gap-132-m\/"},"modified":"2026-02-04T14:36:48","modified_gmt":"2026-02-04T14:36:48","slug":"barre-laterale-pour-handicapped-gap-132-m","status":"publish","type":"product","link":"https:\/\/verticaltechnik.ch\/fr\/produit\/barre-laterale-pour-handicapped-gap-132-m\/","title":{"rendered":"Barre lat\u00e9rale pour Handicapped Gap 1,32 m"},"content":{"rendered":"<p>Positionn\u00e9 lat\u00e9ralement (Side Rail), ce produit est utilis\u00e9 comme un rail standard pour effectuer des slides et des grinds. S&rsquo;il est install\u00e9 \u00e0 l&rsquo;avant (Front Rail) du Handicapped Gap, le rail est utilis\u00e9 comme un obstacle pour les \u00ab tricks over \u00bb. <\/p>\n","protected":false},"excerpt":{"rendered":"<p>Positionn\u00e9 lat\u00e9ralement (Side Rail), ce produit est utilis\u00e9 comme un rail standard pour effectuer des slides et des grinds. S&rsquo;il est install\u00e9 \u00e0 l&rsquo;avant (Front Rail) du Handicapped Gap, le&#8230;<\/p>\n","protected":false},"featured_media":45090,"template":"","meta":[],"product_brand":[],"product_cat":[11839],"product_tag":[],"class_list":{"0":"post-48527","1":"product","2":"type-product","3":"status-publish","4":"has-post-thumbnail","6":"product_cat-handicaped-gap","8":"first","9":"instock","10":"shipping-taxable","11":"purchasable","12":"product-type-simple"},"_links":{"self":[{"href":"https:\/\/verticaltechnik.ch\/fr\/wp-json\/wp\/v2\/product\/48527","targetHints":{"allow":["GET"]}}],"collection":[{"href":"https:\/\/verticaltechnik.ch\/fr\/wp-json\/wp\/v2\/product"}],"about":[{"href":"https:\/\/verticaltechnik.ch\/fr\/wp-json\/wp\/v2\/types\/product"}],"wp:featuredmedia":[{"embeddable":true,"href":"https:\/\/verticaltechnik.ch\/fr\/wp-json\/wp\/v2\/media\/45090"}],"wp:attachment":[{"href":"https:\/\/verticaltechnik.ch\/fr\/wp-json\/wp\/v2\/media?parent=48527"}],"wp:term":[{"taxonomy":"product_brand","embeddable":true,"href":"https:\/\/verticaltechnik.ch\/fr\/wp-json\/wp\/v2\/product_brand?post=48527"},{"taxonomy":"product_cat","embeddable":true,"href":"https:\/\/verticaltechnik.ch\/fr\/wp-json\/wp\/v2\/product_cat?post=48527"},{"taxonomy":"product_tag","embeddable":true,"href":"https:\/\/verticaltechnik.ch\/fr\/wp-json\/wp\/v2\/product_tag?post=48527"}],"curies":[{"name":"wp","href":"https:\/\/api.w.org\/{rel}","templated":true}]}}