{"id":48534,"date":"2025-08-28T09:41:16","date_gmt":"2025-08-28T09:41:16","guid":{"rendered":"https:\/\/newvt.verticaltechnik.ch\/product\/handicapped-gap-1-32m\/"},"modified":"2026-02-04T14:30:43","modified_gmt":"2026-02-04T14:30:43","slug":"handicapped-gap-1-32m","status":"publish","type":"product","link":"https:\/\/verticaltechnik.ch\/fr\/produit\/handicapped-gap-1-32m\/","title":{"rendered":"Handicapped Gap 1.32m"},"content":{"rendered":"<p>Ce module peut \u00eatre utilis\u00e9 comme kicker pour sauter par-dessus la plateforme. En r\u00e9alit\u00e9, on le trouve souvent dans les zones industrielles.<br \/>\nLes ar\u00eates en acier autour du module peuvent \u00eatre utilis\u00e9es pour le grincement et le glissement. Ce produit est compatible avec&nbsp;:<br \/>\nRev\u00eatement K00599&nbsp;:<br \/>\nRail combin\u00e9 K00680&nbsp;:<br \/>\nRail lat\u00e9ral K00678 <\/p>\n","protected":false},"excerpt":{"rendered":"<p>Ce module peut \u00eatre utilis\u00e9 comme kicker pour sauter par-dessus la plateforme. En r\u00e9alit\u00e9, on le trouve souvent dans les zones industrielles. Les ar\u00eates en acier autour du module peuvent&#8230;<\/p>\n","protected":false},"featured_media":45094,"template":"","meta":[],"product_brand":[],"product_cat":[11839],"product_tag":[],"class_list":{"0":"post-48534","1":"product","2":"type-product","3":"status-publish","4":"has-post-thumbnail","6":"product_cat-handicaped-gap","8":"first","9":"instock","10":"shipping-taxable","11":"purchasable","12":"product-type-simple"},"_links":{"self":[{"href":"https:\/\/verticaltechnik.ch\/fr\/wp-json\/wp\/v2\/product\/48534","targetHints":{"allow":["GET"]}}],"collection":[{"href":"https:\/\/verticaltechnik.ch\/fr\/wp-json\/wp\/v2\/product"}],"about":[{"href":"https:\/\/verticaltechnik.ch\/fr\/wp-json\/wp\/v2\/types\/product"}],"wp:featuredmedia":[{"embeddable":true,"href":"https:\/\/verticaltechnik.ch\/fr\/wp-json\/wp\/v2\/media\/45094"}],"wp:attachment":[{"href":"https:\/\/verticaltechnik.ch\/fr\/wp-json\/wp\/v2\/media?parent=48534"}],"wp:term":[{"taxonomy":"product_brand","embeddable":true,"href":"https:\/\/verticaltechnik.ch\/fr\/wp-json\/wp\/v2\/product_brand?post=48534"},{"taxonomy":"product_cat","embeddable":true,"href":"https:\/\/verticaltechnik.ch\/fr\/wp-json\/wp\/v2\/product_cat?post=48534"},{"taxonomy":"product_tag","embeddable":true,"href":"https:\/\/verticaltechnik.ch\/fr\/wp-json\/wp\/v2\/product_tag?post=48534"}],"curies":[{"name":"wp","href":"https:\/\/api.w.org\/{rel}","templated":true}]}}