{"id":48536,"date":"2025-08-28T09:41:13","date_gmt":"2025-08-28T09:41:13","guid":{"rendered":"https:\/\/newvt.verticaltechnik.ch\/product\/double-steps-bank-400-650-2400-40-x-4-5m\/"},"modified":"2026-02-04T14:23:17","modified_gmt":"2026-02-04T14:23:17","slug":"double-steps-bank-400-650-2400-40-x-4-5m","status":"publish","type":"product","link":"https:\/\/verticaltechnik.ch\/fr\/produit\/double-steps-bank-400-650-2400-40-x-4-5m\/","title":{"rendered":"Double Steps Bank 400 650 2400 40\u00b0 x 4.5m"},"content":{"rendered":"<p>Une Double Steps Bank est une combinaison d&rsquo;une double marche avec un plan inclin\u00e9. On peut y faire des tailslides, des boardslides et des grinds. Elle est int\u00e9ressante car on peut r\u00e9aliser de nombreuses combinaisons de figures.   <\/p>\n","protected":false},"excerpt":{"rendered":"<p>Une Double Steps Bank est une combinaison d&rsquo;une double marche avec un plan inclin\u00e9. On peut y faire des tailslides, des boardslides et des grinds. Elle est int\u00e9ressante car on&#8230;<\/p>\n","protected":false},"featured_media":45102,"template":"","meta":[],"product_brand":[],"product_cat":[11838],"product_tag":[],"class_list":{"0":"post-48536","1":"product","2":"type-product","3":"status-publish","4":"has-post-thumbnail","6":"product_cat-marches-doubles-avec-plan-incline-a-40","8":"first","9":"instock","10":"shipping-taxable","11":"purchasable","12":"product-type-simple"},"_links":{"self":[{"href":"https:\/\/verticaltechnik.ch\/fr\/wp-json\/wp\/v2\/product\/48536","targetHints":{"allow":["GET"]}}],"collection":[{"href":"https:\/\/verticaltechnik.ch\/fr\/wp-json\/wp\/v2\/product"}],"about":[{"href":"https:\/\/verticaltechnik.ch\/fr\/wp-json\/wp\/v2\/types\/product"}],"wp:featuredmedia":[{"embeddable":true,"href":"https:\/\/verticaltechnik.ch\/fr\/wp-json\/wp\/v2\/media\/45102"}],"wp:attachment":[{"href":"https:\/\/verticaltechnik.ch\/fr\/wp-json\/wp\/v2\/media?parent=48536"}],"wp:term":[{"taxonomy":"product_brand","embeddable":true,"href":"https:\/\/verticaltechnik.ch\/fr\/wp-json\/wp\/v2\/product_brand?post=48536"},{"taxonomy":"product_cat","embeddable":true,"href":"https:\/\/verticaltechnik.ch\/fr\/wp-json\/wp\/v2\/product_cat?post=48536"},{"taxonomy":"product_tag","embeddable":true,"href":"https:\/\/verticaltechnik.ch\/fr\/wp-json\/wp\/v2\/product_tag?post=48536"}],"curies":[{"name":"wp","href":"https:\/\/api.w.org\/{rel}","templated":true}]}}