{"id":48548,"date":"2025-08-28T10:22:25","date_gmt":"2025-08-28T10:22:25","guid":{"rendered":"https:\/\/newvt.verticaltechnik.ch\/product\/table-a-roulettes-granit-upgrade-wheelie-table-200-3m-rail\/"},"modified":"2025-08-28T10:22:25","modified_gmt":"2025-08-28T10:22:25","slug":"table-a-roulettes-granit-upgrade-wheelie-table-200-3m-rail","status":"publish","type":"product","link":"https:\/\/verticaltechnik.ch\/fr\/produit\/table-a-roulettes-granit-upgrade-wheelie-table-200-3m-rail\/","title":{"rendered":"Table \u00e0 roulettes Granit Upgrade Wheelie Table 200 3m + Rail"},"content":{"rendered":"<p>D\u00e9montage du rev\u00eatement de sol et du sous-rev\u00eatement existants. Fabrication d&rsquo;un cadre de renforcement galvanis\u00e9 en tubes d&rsquo;acier carr\u00e9s de 25 x 25 x 3 mm avec des nervures de renforcement contre la flexion. Installation du cadre par soudure comme support pour une plaque de granit. Montage d&rsquo;une nouvelle plaque de granit de 50 mm d&rsquo;\u00e9paisseur avec des bords arrondis, surface et c\u00f4t\u00e9s polis. \u00c9vacuation des anciens mat\u00e9riaux incluse.    <\/p>\n","protected":false},"excerpt":{"rendered":"<p>D\u00e9montage du rev\u00eatement de sol et du sous-rev\u00eatement existants. Fabrication d&rsquo;un cadre de renforcement galvanis\u00e9 en tubes d&rsquo;acier carr\u00e9s de 25 x 25 x 3 mm avec des nervures de&#8230;<\/p>\n","protected":false},"featured_media":43118,"template":"","meta":[],"product_brand":[],"product_cat":[11925],"product_tag":[],"class_list":{"0":"post-48548","1":"product","2":"type-product","3":"status-publish","4":"has-post-thumbnail","6":"product_cat-remplacement-du-revetement-de-sol","8":"first","9":"instock","10":"shipping-taxable","11":"purchasable","12":"product-type-simple"},"_links":{"self":[{"href":"https:\/\/verticaltechnik.ch\/fr\/wp-json\/wp\/v2\/product\/48548","targetHints":{"allow":["GET"]}}],"collection":[{"href":"https:\/\/verticaltechnik.ch\/fr\/wp-json\/wp\/v2\/product"}],"about":[{"href":"https:\/\/verticaltechnik.ch\/fr\/wp-json\/wp\/v2\/types\/product"}],"wp:featuredmedia":[{"embeddable":true,"href":"https:\/\/verticaltechnik.ch\/fr\/wp-json\/wp\/v2\/media\/43118"}],"wp:attachment":[{"href":"https:\/\/verticaltechnik.ch\/fr\/wp-json\/wp\/v2\/media?parent=48548"}],"wp:term":[{"taxonomy":"product_brand","embeddable":true,"href":"https:\/\/verticaltechnik.ch\/fr\/wp-json\/wp\/v2\/product_brand?post=48548"},{"taxonomy":"product_cat","embeddable":true,"href":"https:\/\/verticaltechnik.ch\/fr\/wp-json\/wp\/v2\/product_cat?post=48548"},{"taxonomy":"product_tag","embeddable":true,"href":"https:\/\/verticaltechnik.ch\/fr\/wp-json\/wp\/v2\/product_tag?post=48548"}],"curies":[{"name":"wp","href":"https:\/\/api.w.org\/{rel}","templated":true}]}}