{"id":48557,"date":"2025-08-28T10:22:20","date_gmt":"2025-08-28T10:22:20","guid":{"rendered":"https:\/\/newvt.verticaltechnik.ch\/product\/remplacement-du-revetement-de-roulement-skateface-bank\/"},"modified":"2025-08-28T10:22:20","modified_gmt":"2025-08-28T10:22:20","slug":"remplacement-du-revetement-de-roulement-skateface-bank","status":"publish","type":"product","link":"https:\/\/verticaltechnik.ch\/fr\/produit\/remplacement-du-revetement-de-roulement-skateface-bank\/","title":{"rendered":"Remplacement du rev\u00eatement de roulement SKATEFACE\u00ae Bank"},"content":{"rendered":"<p>D\u00e9montage du rev\u00eatement de sol existant. D\u00e9coupe, marquage des per\u00e7ages, per\u00e7age, chanfreinage du nouveau rev\u00eatement de sol. Montage du nouveau rev\u00eatement de sol. Mat\u00e9riel de visserie et \u00e9limination des d\u00e9chets inclus.    <\/p>\n","protected":false},"excerpt":{"rendered":"<p>D\u00e9montage du rev\u00eatement de sol existant. D\u00e9coupe, marquage des per\u00e7ages, per\u00e7age, chanfreinage du nouveau rev\u00eatement de sol. Montage du nouveau rev\u00eatement de sol. Mat\u00e9riel de visserie et \u00e9limination des d\u00e9chets&#8230;<\/p>\n","protected":false},"featured_media":43138,"template":"","meta":[],"product_brand":[],"product_cat":[11925],"product_tag":[],"class_list":{"0":"post-48557","1":"product","2":"type-product","3":"status-publish","4":"has-post-thumbnail","6":"product_cat-remplacement-du-revetement-de-sol","8":"first","9":"instock","10":"shipping-taxable","11":"purchasable","12":"product-type-simple"},"_links":{"self":[{"href":"https:\/\/verticaltechnik.ch\/fr\/wp-json\/wp\/v2\/product\/48557","targetHints":{"allow":["GET"]}}],"collection":[{"href":"https:\/\/verticaltechnik.ch\/fr\/wp-json\/wp\/v2\/product"}],"about":[{"href":"https:\/\/verticaltechnik.ch\/fr\/wp-json\/wp\/v2\/types\/product"}],"wp:featuredmedia":[{"embeddable":true,"href":"https:\/\/verticaltechnik.ch\/fr\/wp-json\/wp\/v2\/media\/43138"}],"wp:attachment":[{"href":"https:\/\/verticaltechnik.ch\/fr\/wp-json\/wp\/v2\/media?parent=48557"}],"wp:term":[{"taxonomy":"product_brand","embeddable":true,"href":"https:\/\/verticaltechnik.ch\/fr\/wp-json\/wp\/v2\/product_brand?post=48557"},{"taxonomy":"product_cat","embeddable":true,"href":"https:\/\/verticaltechnik.ch\/fr\/wp-json\/wp\/v2\/product_cat?post=48557"},{"taxonomy":"product_tag","embeddable":true,"href":"https:\/\/verticaltechnik.ch\/fr\/wp-json\/wp\/v2\/product_tag?post=48557"}],"curies":[{"name":"wp","href":"https:\/\/api.w.org\/{rel}","templated":true}]}}