{"id":48569,"date":"2025-08-28T10:22:18","date_gmt":"2025-08-28T10:22:18","guid":{"rendered":"https:\/\/newvt.verticaltechnik.ch\/product\/remplacement-de-la-surface-de-roulement-skateface-pandora-box\/"},"modified":"2025-08-28T10:22:18","modified_gmt":"2025-08-28T10:22:18","slug":"remplacement-de-la-surface-de-roulement-skateface-pandora-box","status":"publish","type":"product","link":"https:\/\/verticaltechnik.ch\/fr\/produit\/remplacement-de-la-surface-de-roulement-skateface-pandora-box\/","title":{"rendered":"Remplacement de la surface de roulement SKATEFACE\u00ae Pandora Box"},"content":{"rendered":"<p>D\u00e9montage du rev\u00eatement existant. D\u00e9coupe, marquage des per\u00e7ages, per\u00e7age, fraisage du nouveau rev\u00eatement. Montage du nouveau rev\u00eatement. Mat\u00e9riel de visserie M6 Inox et \u00e9limination des anciens mat\u00e9riaux inclus.   <\/p>\n","protected":false},"excerpt":{"rendered":"<p>D\u00e9montage du rev\u00eatement existant. D\u00e9coupe, marquage des per\u00e7ages, per\u00e7age, fraisage du nouveau rev\u00eatement. Montage du nouveau rev\u00eatement. Mat\u00e9riel de visserie M6 Inox et \u00e9limination des anciens mat\u00e9riaux inclus.<\/p>\n","protected":false},"featured_media":43146,"template":"","meta":[],"product_brand":[],"product_cat":[11925],"product_tag":[],"class_list":{"0":"post-48569","1":"product","2":"type-product","3":"status-publish","4":"has-post-thumbnail","6":"product_cat-remplacement-du-revetement-de-sol","8":"first","9":"instock","10":"shipping-taxable","11":"purchasable","12":"product-type-simple"},"_links":{"self":[{"href":"https:\/\/verticaltechnik.ch\/fr\/wp-json\/wp\/v2\/product\/48569","targetHints":{"allow":["GET"]}}],"collection":[{"href":"https:\/\/verticaltechnik.ch\/fr\/wp-json\/wp\/v2\/product"}],"about":[{"href":"https:\/\/verticaltechnik.ch\/fr\/wp-json\/wp\/v2\/types\/product"}],"wp:featuredmedia":[{"embeddable":true,"href":"https:\/\/verticaltechnik.ch\/fr\/wp-json\/wp\/v2\/media\/43146"}],"wp:attachment":[{"href":"https:\/\/verticaltechnik.ch\/fr\/wp-json\/wp\/v2\/media?parent=48569"}],"wp:term":[{"taxonomy":"product_brand","embeddable":true,"href":"https:\/\/verticaltechnik.ch\/fr\/wp-json\/wp\/v2\/product_brand?post=48569"},{"taxonomy":"product_cat","embeddable":true,"href":"https:\/\/verticaltechnik.ch\/fr\/wp-json\/wp\/v2\/product_cat?post=48569"},{"taxonomy":"product_tag","embeddable":true,"href":"https:\/\/verticaltechnik.ch\/fr\/wp-json\/wp\/v2\/product_tag?post=48569"}],"curies":[{"name":"wp","href":"https:\/\/api.w.org\/{rel}","templated":true}]}}