{"id":48572,"date":"2025-08-28T10:22:10","date_gmt":"2025-08-28T10:22:10","guid":{"rendered":"https:\/\/newvt.verticaltechnik.ch\/product\/remplacement-de-la-surface-de-roulement-skateface-curved-trick-box\/"},"modified":"2025-08-28T10:22:10","modified_gmt":"2025-08-28T10:22:10","slug":"remplacement-de-la-surface-de-roulement-skateface-curved-trick-box","status":"publish","type":"product","link":"https:\/\/verticaltechnik.ch\/fr\/produit\/remplacement-de-la-surface-de-roulement-skateface-curved-trick-box\/","title":{"rendered":"Remplacement de la surface de roulement SKATEFACE\u00ae Curved Trick Box"},"content":{"rendered":"<p>D\u00e9montage du rev\u00eatement de roulement existant sur le dessus de la Curved Trick Box, d&rsquo;environ 3 m de long. D\u00e9coupe, marquage des trous, per\u00e7age, fraisage de la nouvelle coque en Skateface. Montage du nouveau rev\u00eatement de roulement. Mat\u00e9riel de visserie M6 Inox et \u00e9limination des d\u00e9chets inclus.    <\/p>\n","protected":false},"excerpt":{"rendered":"<p>D\u00e9montage du rev\u00eatement de roulement existant sur le dessus de la Curved Trick Box, d&rsquo;environ 3 m de long. D\u00e9coupe, marquage des trous, per\u00e7age, fraisage de la nouvelle coque en&#8230;<\/p>\n","protected":false},"featured_media":43154,"template":"","meta":[],"product_brand":[],"product_cat":[11925],"product_tag":[],"class_list":{"0":"post-48572","1":"product","2":"type-product","3":"status-publish","4":"has-post-thumbnail","6":"product_cat-remplacement-du-revetement-de-sol","8":"first","9":"instock","10":"shipping-taxable","11":"purchasable","12":"product-type-simple"},"_links":{"self":[{"href":"https:\/\/verticaltechnik.ch\/fr\/wp-json\/wp\/v2\/product\/48572","targetHints":{"allow":["GET"]}}],"collection":[{"href":"https:\/\/verticaltechnik.ch\/fr\/wp-json\/wp\/v2\/product"}],"about":[{"href":"https:\/\/verticaltechnik.ch\/fr\/wp-json\/wp\/v2\/types\/product"}],"wp:featuredmedia":[{"embeddable":true,"href":"https:\/\/verticaltechnik.ch\/fr\/wp-json\/wp\/v2\/media\/43154"}],"wp:attachment":[{"href":"https:\/\/verticaltechnik.ch\/fr\/wp-json\/wp\/v2\/media?parent=48572"}],"wp:term":[{"taxonomy":"product_brand","embeddable":true,"href":"https:\/\/verticaltechnik.ch\/fr\/wp-json\/wp\/v2\/product_brand?post=48572"},{"taxonomy":"product_cat","embeddable":true,"href":"https:\/\/verticaltechnik.ch\/fr\/wp-json\/wp\/v2\/product_cat?post=48572"},{"taxonomy":"product_tag","embeddable":true,"href":"https:\/\/verticaltechnik.ch\/fr\/wp-json\/wp\/v2\/product_tag?post=48572"}],"curies":[{"name":"wp","href":"https:\/\/api.w.org\/{rel}","templated":true}]}}