{"id":48575,"date":"2025-08-28T10:22:17","date_gmt":"2025-08-28T10:22:17","guid":{"rendered":"https:\/\/newvt.verticaltechnik.ch\/product\/exchange-riding-surface-skateface-roof-box-400-2-4m\/"},"modified":"2025-08-28T10:22:17","modified_gmt":"2025-08-28T10:22:17","slug":"exchange-riding-surface-skateface-roof-box-400-2-4m","status":"publish","type":"product","link":"https:\/\/verticaltechnik.ch\/fr\/product\/exchange-riding-surface-skateface-roof-box-400-2-4m\/","title":{"rendered":"Exchange Riding Surface SKATEFACE\u00ae Roof Box 400 2.4m"},"content":{"rendered":"<p>D\u00e9montage du rev\u00eatement de roulement existant. D\u00e9coupe, marquage des per\u00e7ages, per\u00e7age, chanfreinage d&rsquo;un nouveau rev\u00eatement de roulement Skateface. Montage du nouveau rev\u00eatement de roulement. Mat\u00e9riel de visserie M6 Inox et \u00e9limination des anciens mat\u00e9riaux inclus.    <\/p>\n","protected":false},"excerpt":{"rendered":"<p>D\u00e9montage du rev\u00eatement de roulement existant. D\u00e9coupe, marquage des per\u00e7ages, per\u00e7age, chanfreinage d&rsquo;un nouveau rev\u00eatement de roulement Skateface. Montage du nouveau rev\u00eatement de roulement. Mat\u00e9riel de visserie M6 Inox et&#8230;<\/p>\n","protected":false},"featured_media":43150,"template":"","meta":[],"product_brand":[],"product_cat":[11925],"product_tag":[],"class_list":{"0":"post-48575","1":"product","2":"type-product","3":"status-publish","4":"has-post-thumbnail","6":"product_cat-remplacement-du-revetement-de-sol","8":"first","9":"instock","10":"shipping-taxable","11":"purchasable","12":"product-type-simple"},"_links":{"self":[{"href":"https:\/\/verticaltechnik.ch\/fr\/wp-json\/wp\/v2\/product\/48575","targetHints":{"allow":["GET"]}}],"collection":[{"href":"https:\/\/verticaltechnik.ch\/fr\/wp-json\/wp\/v2\/product"}],"about":[{"href":"https:\/\/verticaltechnik.ch\/fr\/wp-json\/wp\/v2\/types\/product"}],"wp:featuredmedia":[{"embeddable":true,"href":"https:\/\/verticaltechnik.ch\/fr\/wp-json\/wp\/v2\/media\/43150"}],"wp:attachment":[{"href":"https:\/\/verticaltechnik.ch\/fr\/wp-json\/wp\/v2\/media?parent=48575"}],"wp:term":[{"taxonomy":"product_brand","embeddable":true,"href":"https:\/\/verticaltechnik.ch\/fr\/wp-json\/wp\/v2\/product_brand?post=48575"},{"taxonomy":"product_cat","embeddable":true,"href":"https:\/\/verticaltechnik.ch\/fr\/wp-json\/wp\/v2\/product_cat?post=48575"},{"taxonomy":"product_tag","embeddable":true,"href":"https:\/\/verticaltechnik.ch\/fr\/wp-json\/wp\/v2\/product_tag?post=48575"}],"curies":[{"name":"wp","href":"https:\/\/api.w.org\/{rel}","templated":true}]}}