{"id":48578,"date":"2025-08-28T10:21:26","date_gmt":"2025-08-28T10:21:26","guid":{"rendered":"https:\/\/newvt.verticaltechnik.ch\/product\/minirampe-de-la-plateforme-dechange-genericproductname1\/"},"modified":"2025-08-28T10:21:26","modified_gmt":"2025-08-28T10:21:26","slug":"minirampe-de-la-plateforme-dechange-genericproductname1","status":"publish","type":"product","link":"https:\/\/verticaltechnik.ch\/fr\/produit\/minirampe-de-la-plateforme-dechange-genericproductname1\/","title":{"rendered":"Minirampe de la plateforme d&rsquo;\u00e9change GenericProductName1"},"content":{"rendered":"<p>D\u00e9montage de l&rsquo;ancienne plateforme. D\u00e9coupe, marquage des per\u00e7ages, per\u00e7age, chanfreinage de la nouvelle plateforme. Peinture des bords et des per\u00e7ages avec du Solarit. Montage de la nouvelle plateforme. Mat\u00e9riel de visserie et \u00e9limination des anciens mat\u00e9riaux inclus.     <\/p>\n","protected":false},"excerpt":{"rendered":"<p>D\u00e9montage de l&rsquo;ancienne plateforme. D\u00e9coupe, marquage des per\u00e7ages, per\u00e7age, chanfreinage de la nouvelle plateforme. Peinture des bords et des per\u00e7ages avec du Solarit. Montage de la nouvelle plateforme. Mat\u00e9riel de&#8230;<\/p>\n","protected":false},"featured_media":43158,"template":"","meta":[],"product_brand":[],"product_cat":[11927],"product_tag":[],"class_list":{"0":"post-48578","1":"product","2":"type-product","3":"status-publish","4":"has-post-thumbnail","6":"product_cat-plateforme-dechange","8":"first","9":"instock","10":"shipping-taxable","11":"purchasable","12":"product-type-simple"},"_links":{"self":[{"href":"https:\/\/verticaltechnik.ch\/fr\/wp-json\/wp\/v2\/product\/48578","targetHints":{"allow":["GET"]}}],"collection":[{"href":"https:\/\/verticaltechnik.ch\/fr\/wp-json\/wp\/v2\/product"}],"about":[{"href":"https:\/\/verticaltechnik.ch\/fr\/wp-json\/wp\/v2\/types\/product"}],"wp:featuredmedia":[{"embeddable":true,"href":"https:\/\/verticaltechnik.ch\/fr\/wp-json\/wp\/v2\/media\/43158"}],"wp:attachment":[{"href":"https:\/\/verticaltechnik.ch\/fr\/wp-json\/wp\/v2\/media?parent=48578"}],"wp:term":[{"taxonomy":"product_brand","embeddable":true,"href":"https:\/\/verticaltechnik.ch\/fr\/wp-json\/wp\/v2\/product_brand?post=48578"},{"taxonomy":"product_cat","embeddable":true,"href":"https:\/\/verticaltechnik.ch\/fr\/wp-json\/wp\/v2\/product_cat?post=48578"},{"taxonomy":"product_tag","embeddable":true,"href":"https:\/\/verticaltechnik.ch\/fr\/wp-json\/wp\/v2\/product_tag?post=48578"}],"curies":[{"name":"wp","href":"https:\/\/api.w.org\/{rel}","templated":true}]}}