{"id":48587,"date":"2025-08-28T10:21:20","date_gmt":"2025-08-28T10:21:20","guid":{"rendered":"https:\/\/newvt.verticaltechnik.ch\/product\/estimation-revetement-de-securite-epdm-m2\/"},"modified":"2025-08-28T10:21:20","modified_gmt":"2025-08-28T10:21:20","slug":"estimation-revetement-de-securite-epdm-m2","status":"publish","type":"product","link":"https:\/\/verticaltechnik.ch\/fr\/produit\/estimation-revetement-de-securite-epdm-m2\/","title":{"rendered":"Estimation : Rev\u00eatement de s\u00e9curit\u00e9 EPDM (m2)"},"content":{"rendered":"<p>Protection antichute en EPDM selon les sp\u00e9cifications du produit du sous-traitant. <\/p>\n","protected":false},"excerpt":{"rendered":"<p>Protection antichute en EPDM selon les sp\u00e9cifications du produit du sous-traitant.<\/p>\n","protected":false},"featured_media":43178,"template":"","meta":[],"product_brand":[],"product_cat":[11930],"product_tag":[],"class_list":{"0":"post-48587","1":"product","2":"type-product","3":"status-publish","4":"has-post-thumbnail","6":"product_cat-protection-antichute","8":"first","9":"instock","10":"shipping-taxable","11":"purchasable","12":"product-type-simple"},"_links":{"self":[{"href":"https:\/\/verticaltechnik.ch\/fr\/wp-json\/wp\/v2\/product\/48587","targetHints":{"allow":["GET"]}}],"collection":[{"href":"https:\/\/verticaltechnik.ch\/fr\/wp-json\/wp\/v2\/product"}],"about":[{"href":"https:\/\/verticaltechnik.ch\/fr\/wp-json\/wp\/v2\/types\/product"}],"wp:featuredmedia":[{"embeddable":true,"href":"https:\/\/verticaltechnik.ch\/fr\/wp-json\/wp\/v2\/media\/43178"}],"wp:attachment":[{"href":"https:\/\/verticaltechnik.ch\/fr\/wp-json\/wp\/v2\/media?parent=48587"}],"wp:term":[{"taxonomy":"product_brand","embeddable":true,"href":"https:\/\/verticaltechnik.ch\/fr\/wp-json\/wp\/v2\/product_brand?post=48587"},{"taxonomy":"product_cat","embeddable":true,"href":"https:\/\/verticaltechnik.ch\/fr\/wp-json\/wp\/v2\/product_cat?post=48587"},{"taxonomy":"product_tag","embeddable":true,"href":"https:\/\/verticaltechnik.ch\/fr\/wp-json\/wp\/v2\/product_tag?post=48587"}],"curies":[{"name":"wp","href":"https:\/\/api.w.org\/{rel}","templated":true}]}}