{"id":48607,"date":"2025-08-28T10:11:36","date_gmt":"2025-08-28T10:11:36","guid":{"rendered":"https:\/\/newvt.verticaltechnik.ch\/product\/enclosure-for-quarterpipe-1000-3m\/"},"modified":"2025-08-28T10:11:36","modified_gmt":"2025-08-28T10:11:36","slug":"enclosure-for-quarterpipe-1000-3m","status":"publish","type":"product","link":"https:\/\/verticaltechnik.ch\/fr\/produit\/enclosure-for-quarterpipe-1000-3m\/","title":{"rendered":"Enclosure for Quarterpipe 1000 3m"},"content":{"rendered":"<p>Les bardages emp\u00eachent l&rsquo;accumulation de d\u00e9chets sous les skateparks. Le bardage est \u00e9quip\u00e9 d&rsquo;une trappe de service. Une porte de service verrouillable peut \u00e9galement \u00eatre install\u00e9e en option. Des fentes d&rsquo;a\u00e9ration assurent la circulation de l&rsquo;air. Ce produit est compatible avec K00168.    <\/p>\n","protected":false},"excerpt":{"rendered":"<p>Les bardages emp\u00eachent l&rsquo;accumulation de d\u00e9chets sous les skateparks. Le bardage est \u00e9quip\u00e9 d&rsquo;une trappe de service. Une porte de service verrouillable peut \u00e9galement \u00eatre install\u00e9e en option. Des fentes&#8230;<\/p>\n","protected":false},"featured_media":43662,"template":"","meta":[],"product_brand":[],"product_cat":[11935],"product_tag":[],"class_list":{"0":"post-48607","1":"product","2":"type-product","3":"status-publish","4":"has-post-thumbnail","6":"product_cat-module","8":"first","9":"instock","10":"shipping-taxable","11":"purchasable","12":"product-type-simple"},"_links":{"self":[{"href":"https:\/\/verticaltechnik.ch\/fr\/wp-json\/wp\/v2\/product\/48607","targetHints":{"allow":["GET"]}}],"collection":[{"href":"https:\/\/verticaltechnik.ch\/fr\/wp-json\/wp\/v2\/product"}],"about":[{"href":"https:\/\/verticaltechnik.ch\/fr\/wp-json\/wp\/v2\/types\/product"}],"wp:featuredmedia":[{"embeddable":true,"href":"https:\/\/verticaltechnik.ch\/fr\/wp-json\/wp\/v2\/media\/43662"}],"wp:attachment":[{"href":"https:\/\/verticaltechnik.ch\/fr\/wp-json\/wp\/v2\/media?parent=48607"}],"wp:term":[{"taxonomy":"product_brand","embeddable":true,"href":"https:\/\/verticaltechnik.ch\/fr\/wp-json\/wp\/v2\/product_brand?post=48607"},{"taxonomy":"product_cat","embeddable":true,"href":"https:\/\/verticaltechnik.ch\/fr\/wp-json\/wp\/v2\/product_cat?post=48607"},{"taxonomy":"product_tag","embeddable":true,"href":"https:\/\/verticaltechnik.ch\/fr\/wp-json\/wp\/v2\/product_tag?post=48607"}],"curies":[{"name":"wp","href":"https:\/\/api.w.org\/{rel}","templated":true}]}}