{"id":48617,"date":"2025-08-28T10:10:33","date_gmt":"2025-08-28T10:10:33","guid":{"rendered":"https:\/\/newvt.verticaltechnik.ch\/product\/enceinte-pour-bank-2000-30-3m\/"},"modified":"2025-08-28T10:10:33","modified_gmt":"2025-08-28T10:10:33","slug":"enceinte-pour-bank-2000-30-3m","status":"publish","type":"product","link":"https:\/\/verticaltechnik.ch\/fr\/produit\/enceinte-pour-bank-2000-30-3m\/","title":{"rendered":"Enceinte pour Bank 2000 30\u00b0 3m"},"content":{"rendered":"<p>Les enceintes emp\u00eachent l\u2019accumulation de d\u00e9chets sous les skateparks. L\u2019enceinte est \u00e9quip\u00e9e d\u2019une trappe de service. Une porte de service verrouillable peut \u00e9galement \u00eatre install\u00e9e en option. Des fentes d\u2019a\u00e9ration servent \u00e0 la circulation de l\u2019air. Ce produit est compatible avec K00102.    <\/p>\n","protected":false},"excerpt":{"rendered":"<p>Les enceintes emp\u00eachent l\u2019accumulation de d\u00e9chets sous les skateparks. L\u2019enceinte est \u00e9quip\u00e9e d\u2019une trappe de service. Une porte de service verrouillable peut \u00e9galement \u00eatre install\u00e9e en option. Des fentes d\u2019a\u00e9ration&#8230;<\/p>\n","protected":false},"featured_media":43722,"template":"","meta":[],"product_brand":[],"product_cat":[11935],"product_tag":[],"class_list":{"0":"post-48617","1":"product","2":"type-product","3":"status-publish","4":"has-post-thumbnail","6":"product_cat-module","8":"first","9":"instock","10":"shipping-taxable","11":"purchasable","12":"product-type-simple"},"_links":{"self":[{"href":"https:\/\/verticaltechnik.ch\/fr\/wp-json\/wp\/v2\/product\/48617","targetHints":{"allow":["GET"]}}],"collection":[{"href":"https:\/\/verticaltechnik.ch\/fr\/wp-json\/wp\/v2\/product"}],"about":[{"href":"https:\/\/verticaltechnik.ch\/fr\/wp-json\/wp\/v2\/types\/product"}],"wp:featuredmedia":[{"embeddable":true,"href":"https:\/\/verticaltechnik.ch\/fr\/wp-json\/wp\/v2\/media\/43722"}],"wp:attachment":[{"href":"https:\/\/verticaltechnik.ch\/fr\/wp-json\/wp\/v2\/media?parent=48617"}],"wp:term":[{"taxonomy":"product_brand","embeddable":true,"href":"https:\/\/verticaltechnik.ch\/fr\/wp-json\/wp\/v2\/product_brand?post=48617"},{"taxonomy":"product_cat","embeddable":true,"href":"https:\/\/verticaltechnik.ch\/fr\/wp-json\/wp\/v2\/product_cat?post=48617"},{"taxonomy":"product_tag","embeddable":true,"href":"https:\/\/verticaltechnik.ch\/fr\/wp-json\/wp\/v2\/product_tag?post=48617"}],"curies":[{"name":"wp","href":"https:\/\/api.w.org\/{rel}","templated":true}]}}