{"id":48642,"date":"2025-08-28T10:23:20","date_gmt":"2025-08-28T10:23:20","guid":{"rendered":"https:\/\/newvt.verticaltechnik.ch\/product\/echange-du-quart-de-rampe-sous-la-surface-de-roulement-1500x3m\/"},"modified":"2025-08-28T10:23:20","modified_gmt":"2025-08-28T10:23:20","slug":"echange-du-quart-de-rampe-sous-la-surface-de-roulement-1500x3m","status":"publish","type":"product","link":"https:\/\/verticaltechnik.ch\/fr\/product\/echange-du-quart-de-rampe-sous-la-surface-de-roulement-1500x3m\/","title":{"rendered":"\u00c9change du quart de rampe sous la surface de roulement 1500x3m"},"content":{"rendered":"<p>D\u00e9montage du rev\u00eatement de sol existant et des anciennes lattes de bois (d\u00e9veloppement 3m). D\u00e9coupe et montage de nouvelles lattes de bois, ainsi que remontage du rev\u00eatement de sol existant. Mat\u00e9riel de visserie inclus. \u00c9vacuation de l&rsquo;ancien mat\u00e9riel par le client. Veuillez mettre \u00e0 disposition une benne \u00e0 bois.    <\/p>\n","protected":false},"excerpt":{"rendered":"<p>D\u00e9montage du rev\u00eatement de sol existant et des anciennes lattes de bois (d\u00e9veloppement 3m). D\u00e9coupe et montage de nouvelles lattes de bois, ainsi que remontage du rev\u00eatement de sol existant&#8230;.<\/p>\n","protected":false},"featured_media":43094,"template":"","meta":[],"product_brand":[],"product_cat":[11746],"product_tag":[],"class_list":{"0":"post-48642","1":"product","2":"type-product","3":"status-publish","4":"has-post-thumbnail","6":"product_cat-remplacement-du-revetement-anti-encastrement","8":"first","9":"instock","10":"shipping-taxable","11":"purchasable","12":"product-type-simple"},"_links":{"self":[{"href":"https:\/\/verticaltechnik.ch\/fr\/wp-json\/wp\/v2\/product\/48642","targetHints":{"allow":["GET"]}}],"collection":[{"href":"https:\/\/verticaltechnik.ch\/fr\/wp-json\/wp\/v2\/product"}],"about":[{"href":"https:\/\/verticaltechnik.ch\/fr\/wp-json\/wp\/v2\/types\/product"}],"wp:featuredmedia":[{"embeddable":true,"href":"https:\/\/verticaltechnik.ch\/fr\/wp-json\/wp\/v2\/media\/43094"}],"wp:attachment":[{"href":"https:\/\/verticaltechnik.ch\/fr\/wp-json\/wp\/v2\/media?parent=48642"}],"wp:term":[{"taxonomy":"product_brand","embeddable":true,"href":"https:\/\/verticaltechnik.ch\/fr\/wp-json\/wp\/v2\/product_brand?post=48642"},{"taxonomy":"product_cat","embeddable":true,"href":"https:\/\/verticaltechnik.ch\/fr\/wp-json\/wp\/v2\/product_cat?post=48642"},{"taxonomy":"product_tag","embeddable":true,"href":"https:\/\/verticaltechnik.ch\/fr\/wp-json\/wp\/v2\/product_tag?post=48642"}],"curies":[{"name":"wp","href":"https:\/\/api.w.org\/{rel}","templated":true}]}}