{"id":48648,"date":"2025-08-28T10:23:13","date_gmt":"2025-08-28T10:23:13","guid":{"rendered":"https:\/\/newvt.verticaltechnik.ch\/product\/repeindre-la-surface-de-roulement-metallique\/"},"modified":"2025-08-28T10:23:13","modified_gmt":"2025-08-28T10:23:13","slug":"repeindre-la-surface-de-roulement-metallique","status":"publish","type":"product","link":"https:\/\/verticaltechnik.ch\/fr\/produit\/repeindre-la-surface-de-roulement-metallique\/","title":{"rendered":"Repeindre la surface de roulement m\u00e9tallique"},"content":{"rendered":"<p>Poncer, nettoyer, appr\u00eater le rev\u00eatement en acier ou en acier chrom\u00e9, puis le repeindre avec une peinture \u00e0 deux composants en gris souris RAL 7005. D&rsquo;autres couleurs sont \u00e9galement disponibles sur demande. <\/p>\n<p>Remarque : l&rsquo;image n&rsquo;est pas contractuelle<\/p>\n","protected":false},"excerpt":{"rendered":"<p>Poncer, nettoyer, appr\u00eater le rev\u00eatement en acier ou en acier chrom\u00e9, puis le repeindre avec une peinture \u00e0 deux composants en gris souris RAL 7005. D&rsquo;autres couleurs sont \u00e9galement disponibles&#8230;<\/p>\n","protected":false},"featured_media":43102,"template":"","meta":[],"product_brand":[],"product_cat":[11941],"product_tag":[],"class_list":{"0":"post-48648","1":"product","2":"type-product","3":"status-publish","4":"has-post-thumbnail","6":"product_cat-repeindre","8":"first","9":"instock","10":"shipping-taxable","11":"purchasable","12":"product-type-simple"},"_links":{"self":[{"href":"https:\/\/verticaltechnik.ch\/fr\/wp-json\/wp\/v2\/product\/48648","targetHints":{"allow":["GET"]}}],"collection":[{"href":"https:\/\/verticaltechnik.ch\/fr\/wp-json\/wp\/v2\/product"}],"about":[{"href":"https:\/\/verticaltechnik.ch\/fr\/wp-json\/wp\/v2\/types\/product"}],"wp:featuredmedia":[{"embeddable":true,"href":"https:\/\/verticaltechnik.ch\/fr\/wp-json\/wp\/v2\/media\/43102"}],"wp:attachment":[{"href":"https:\/\/verticaltechnik.ch\/fr\/wp-json\/wp\/v2\/media?parent=48648"}],"wp:term":[{"taxonomy":"product_brand","embeddable":true,"href":"https:\/\/verticaltechnik.ch\/fr\/wp-json\/wp\/v2\/product_brand?post=48648"},{"taxonomy":"product_cat","embeddable":true,"href":"https:\/\/verticaltechnik.ch\/fr\/wp-json\/wp\/v2\/product_cat?post=48648"},{"taxonomy":"product_tag","embeddable":true,"href":"https:\/\/verticaltechnik.ch\/fr\/wp-json\/wp\/v2\/product_tag?post=48648"}],"curies":[{"name":"wp","href":"https:\/\/api.w.org\/{rel}","templated":true}]}}