{"id":48653,"date":"2025-08-28T10:21:17","date_gmt":"2025-08-28T10:21:17","guid":{"rendered":"https:\/\/newvt.verticaltechnik.ch\/product\/profile-en-acier-standard-30-m\/"},"modified":"2025-08-28T10:21:17","modified_gmt":"2025-08-28T10:21:17","slug":"profile-en-acier-standard-30-m","status":"publish","type":"product","link":"https:\/\/verticaltechnik.ch\/fr\/produit\/profile-en-acier-standard-30-m\/","title":{"rendered":"Profil\u00e9 en acier standard 3,0 m"},"content":{"rendered":"<p>Profil\u00e9 avec tube de rev\u00eatement 3 m<\/p>\n","protected":false},"excerpt":{"rendered":"<p>Profil\u00e9 avec tube de rev\u00eatement 3 m<\/p>\n","protected":false},"featured_media":43190,"template":"","meta":[],"product_brand":[],"product_cat":[11933],"product_tag":[],"class_list":{"0":"post-48653","1":"product","2":"type-product","3":"status-publish","4":"has-post-thumbnail","6":"product_cat-margelle","8":"first","9":"instock","10":"shipping-taxable","11":"purchasable","12":"product-type-simple"},"_links":{"self":[{"href":"https:\/\/verticaltechnik.ch\/fr\/wp-json\/wp\/v2\/product\/48653","targetHints":{"allow":["GET"]}}],"collection":[{"href":"https:\/\/verticaltechnik.ch\/fr\/wp-json\/wp\/v2\/product"}],"about":[{"href":"https:\/\/verticaltechnik.ch\/fr\/wp-json\/wp\/v2\/types\/product"}],"wp:featuredmedia":[{"embeddable":true,"href":"https:\/\/verticaltechnik.ch\/fr\/wp-json\/wp\/v2\/media\/43190"}],"wp:attachment":[{"href":"https:\/\/verticaltechnik.ch\/fr\/wp-json\/wp\/v2\/media?parent=48653"}],"wp:term":[{"taxonomy":"product_brand","embeddable":true,"href":"https:\/\/verticaltechnik.ch\/fr\/wp-json\/wp\/v2\/product_brand?post=48653"},{"taxonomy":"product_cat","embeddable":true,"href":"https:\/\/verticaltechnik.ch\/fr\/wp-json\/wp\/v2\/product_cat?post=48653"},{"taxonomy":"product_tag","embeddable":true,"href":"https:\/\/verticaltechnik.ch\/fr\/wp-json\/wp\/v2\/product_tag?post=48653"}],"curies":[{"name":"wp","href":"https:\/\/api.w.org\/{rel}","templated":true}]}}