{"id":48678,"date":"2025-08-28T10:20:12","date_gmt":"2025-08-28T10:20:12","guid":{"rendered":"https:\/\/newvt.verticaltechnik.ch\/product\/pied-de-nivellement\/"},"modified":"2025-08-28T10:20:12","modified_gmt":"2025-08-28T10:20:12","slug":"pied-de-nivellement","status":"publish","type":"product","link":"https:\/\/verticaltechnik.ch\/fr\/produit\/pied-de-nivellement\/","title":{"rendered":"Pied de nivellement"},"content":{"rendered":"<p>Pied de nivellement galvanis\u00e9 pour l&rsquo;alignement des installations de skate et pour la fixation au sol, avec vis, \u00e9crous, rondelles et capuchons, apr\u00e8s le montage, le filetage au-dessus de l&rsquo;\u00e9crou est s\u00e9par\u00e9 et un capuchon en plastique est mont\u00e9 <\/p>\n","protected":false},"excerpt":{"rendered":"<p>Pied de nivellement galvanis\u00e9 pour l&rsquo;alignement des installations de skate et pour la fixation au sol, avec vis, \u00e9crous, rondelles et capuchons, apr\u00e8s le montage, le filetage au-dessus de l&rsquo;\u00e9crou&#8230;<\/p>\n","protected":false},"featured_media":43222,"template":"","meta":[],"product_brand":[],"product_cat":[11945],"product_tag":[],"class_list":{"0":"post-48678","1":"product","2":"type-product","3":"status-publish","4":"has-post-thumbnail","6":"product_cat-pieces-de-cadre","8":"first","9":"instock","10":"shipping-taxable","11":"purchasable","12":"product-type-simple"},"_links":{"self":[{"href":"https:\/\/verticaltechnik.ch\/fr\/wp-json\/wp\/v2\/product\/48678","targetHints":{"allow":["GET"]}}],"collection":[{"href":"https:\/\/verticaltechnik.ch\/fr\/wp-json\/wp\/v2\/product"}],"about":[{"href":"https:\/\/verticaltechnik.ch\/fr\/wp-json\/wp\/v2\/types\/product"}],"wp:featuredmedia":[{"embeddable":true,"href":"https:\/\/verticaltechnik.ch\/fr\/wp-json\/wp\/v2\/media\/43222"}],"wp:attachment":[{"href":"https:\/\/verticaltechnik.ch\/fr\/wp-json\/wp\/v2\/media?parent=48678"}],"wp:term":[{"taxonomy":"product_brand","embeddable":true,"href":"https:\/\/verticaltechnik.ch\/fr\/wp-json\/wp\/v2\/product_brand?post=48678"},{"taxonomy":"product_cat","embeddable":true,"href":"https:\/\/verticaltechnik.ch\/fr\/wp-json\/wp\/v2\/product_cat?post=48678"},{"taxonomy":"product_tag","embeddable":true,"href":"https:\/\/verticaltechnik.ch\/fr\/wp-json\/wp\/v2\/product_tag?post=48678"}],"curies":[{"name":"wp","href":"https:\/\/api.w.org\/{rel}","templated":true}]}}