{"id":48683,"date":"2025-08-28T10:20:11","date_gmt":"2025-08-28T10:20:11","guid":{"rendered":"https:\/\/newvt.verticaltechnik.ch\/product\/augmentation-de-la-rambarde-de-securite-de-02-m\/"},"modified":"2025-08-28T10:20:11","modified_gmt":"2025-08-28T10:20:11","slug":"augmentation-de-la-rambarde-de-securite-de-02-m","status":"publish","type":"product","link":"https:\/\/verticaltechnik.ch\/fr\/produit\/augmentation-de-la-rambarde-de-securite-de-02-m\/","title":{"rendered":"Augmentation de la rambarde de s\u00e9curit\u00e9 de 0,2 m"},"content":{"rendered":"<p>Augmentation de la rambarde lat\u00e9rale de 0,2 m<\/p>\n","protected":false},"excerpt":{"rendered":"<p>Augmentation de la rambarde lat\u00e9rale de 0,2 m<\/p>\n","protected":false},"featured_media":43226,"template":"","meta":[],"product_brand":[],"product_cat":[11947],"product_tag":[],"class_list":{"0":"post-48683","1":"product","2":"type-product","3":"status-publish","4":"has-post-thumbnail","6":"product_cat-rambardes","8":"first","9":"instock","10":"shipping-taxable","11":"purchasable","12":"product-type-simple"},"_links":{"self":[{"href":"https:\/\/verticaltechnik.ch\/fr\/wp-json\/wp\/v2\/product\/48683","targetHints":{"allow":["GET"]}}],"collection":[{"href":"https:\/\/verticaltechnik.ch\/fr\/wp-json\/wp\/v2\/product"}],"about":[{"href":"https:\/\/verticaltechnik.ch\/fr\/wp-json\/wp\/v2\/types\/product"}],"wp:featuredmedia":[{"embeddable":true,"href":"https:\/\/verticaltechnik.ch\/fr\/wp-json\/wp\/v2\/media\/43226"}],"wp:attachment":[{"href":"https:\/\/verticaltechnik.ch\/fr\/wp-json\/wp\/v2\/media?parent=48683"}],"wp:term":[{"taxonomy":"product_brand","embeddable":true,"href":"https:\/\/verticaltechnik.ch\/fr\/wp-json\/wp\/v2\/product_brand?post=48683"},{"taxonomy":"product_cat","embeddable":true,"href":"https:\/\/verticaltechnik.ch\/fr\/wp-json\/wp\/v2\/product_cat?post=48683"},{"taxonomy":"product_tag","embeddable":true,"href":"https:\/\/verticaltechnik.ch\/fr\/wp-json\/wp\/v2\/product_tag?post=48683"}],"curies":[{"name":"wp","href":"https:\/\/api.w.org\/{rel}","templated":true}]}}