{"id":48686,"date":"2025-08-28T10:20:09","date_gmt":"2025-08-28T10:20:09","guid":{"rendered":"https:\/\/newvt.verticaltechnik.ch\/product\/garde-corps-lateral-utilisable-a-gauche-ou-a-droite\/"},"modified":"2025-08-28T10:20:09","modified_gmt":"2025-08-28T10:20:09","slug":"garde-corps-lateral-utilisable-a-gauche-ou-a-droite","status":"publish","type":"product","link":"https:\/\/verticaltechnik.ch\/fr\/produit\/garde-corps-lateral-utilisable-a-gauche-ou-a-droite\/","title":{"rendered":"Garde-corps lat\u00e9ral utilisable \u00e0 gauche ou \u00e0 droite"},"content":{"rendered":"<p>Construction de cadre stable en tubes d&rsquo;acier carr\u00e9s soud\u00e9s et galvanis\u00e9s, remplissage avec des barres rondes verticales de 12 mm. <\/p>\n","protected":false},"excerpt":{"rendered":"<p>Construction de cadre stable en tubes d&rsquo;acier carr\u00e9s soud\u00e9s et galvanis\u00e9s, remplissage avec des barres rondes verticales de 12 mm.<\/p>\n","protected":false},"featured_media":43234,"template":"","meta":[],"product_brand":[],"product_cat":[11947],"product_tag":[],"class_list":{"0":"post-48686","1":"product","2":"type-product","3":"status-publish","4":"has-post-thumbnail","6":"product_cat-rambardes","8":"first","9":"instock","10":"shipping-taxable","11":"purchasable","12":"product-type-simple"},"_links":{"self":[{"href":"https:\/\/verticaltechnik.ch\/fr\/wp-json\/wp\/v2\/product\/48686","targetHints":{"allow":["GET"]}}],"collection":[{"href":"https:\/\/verticaltechnik.ch\/fr\/wp-json\/wp\/v2\/product"}],"about":[{"href":"https:\/\/verticaltechnik.ch\/fr\/wp-json\/wp\/v2\/types\/product"}],"wp:featuredmedia":[{"embeddable":true,"href":"https:\/\/verticaltechnik.ch\/fr\/wp-json\/wp\/v2\/media\/43234"}],"wp:attachment":[{"href":"https:\/\/verticaltechnik.ch\/fr\/wp-json\/wp\/v2\/media?parent=48686"}],"wp:term":[{"taxonomy":"product_brand","embeddable":true,"href":"https:\/\/verticaltechnik.ch\/fr\/wp-json\/wp\/v2\/product_brand?post=48686"},{"taxonomy":"product_cat","embeddable":true,"href":"https:\/\/verticaltechnik.ch\/fr\/wp-json\/wp\/v2\/product_cat?post=48686"},{"taxonomy":"product_tag","embeddable":true,"href":"https:\/\/verticaltechnik.ch\/fr\/wp-json\/wp\/v2\/product_tag?post=48686"}],"curies":[{"name":"wp","href":"https:\/\/api.w.org\/{rel}","templated":true}]}}