{"id":48691,"date":"2025-08-28T10:20:08","date_gmt":"2025-08-28T10:20:08","guid":{"rendered":"https:\/\/newvt.verticaltechnik.ch\/product\/augmentation-de-02-m-du-garde-corps-de-securite-arriere\/"},"modified":"2025-08-28T10:20:08","modified_gmt":"2025-08-28T10:20:08","slug":"augmentation-de-02-m-du-garde-corps-de-securite-arriere","status":"publish","type":"product","link":"https:\/\/verticaltechnik.ch\/fr\/produit\/augmentation-de-02-m-du-garde-corps-de-securite-arriere\/","title":{"rendered":"Augmentation de 0,2 m du garde-corps de s\u00e9curit\u00e9 arri\u00e8re"},"content":{"rendered":"<p>Augmentation du garde-corps arri\u00e8re de 0,2 m<\/p>\n","protected":false},"excerpt":{"rendered":"<p>Augmentation du garde-corps arri\u00e8re de 0,2 m<\/p>\n","protected":false},"featured_media":43238,"template":"","meta":[],"product_brand":[],"product_cat":[11947],"product_tag":[],"class_list":{"0":"post-48691","1":"product","2":"type-product","3":"status-publish","4":"has-post-thumbnail","6":"product_cat-rambardes","8":"first","9":"instock","10":"shipping-taxable","11":"purchasable","12":"product-type-simple"},"_links":{"self":[{"href":"https:\/\/verticaltechnik.ch\/fr\/wp-json\/wp\/v2\/product\/48691","targetHints":{"allow":["GET"]}}],"collection":[{"href":"https:\/\/verticaltechnik.ch\/fr\/wp-json\/wp\/v2\/product"}],"about":[{"href":"https:\/\/verticaltechnik.ch\/fr\/wp-json\/wp\/v2\/types\/product"}],"wp:featuredmedia":[{"embeddable":true,"href":"https:\/\/verticaltechnik.ch\/fr\/wp-json\/wp\/v2\/media\/43238"}],"wp:attachment":[{"href":"https:\/\/verticaltechnik.ch\/fr\/wp-json\/wp\/v2\/media?parent=48691"}],"wp:term":[{"taxonomy":"product_brand","embeddable":true,"href":"https:\/\/verticaltechnik.ch\/fr\/wp-json\/wp\/v2\/product_brand?post=48691"},{"taxonomy":"product_cat","embeddable":true,"href":"https:\/\/verticaltechnik.ch\/fr\/wp-json\/wp\/v2\/product_cat?post=48691"},{"taxonomy":"product_tag","embeddable":true,"href":"https:\/\/verticaltechnik.ch\/fr\/wp-json\/wp\/v2\/product_tag?post=48691"}],"curies":[{"name":"wp","href":"https:\/\/api.w.org\/{rel}","templated":true}]}}