{"id":48699,"date":"2025-08-28T10:19:57","date_gmt":"2025-08-28T10:19:57","guid":{"rendered":"https:\/\/newvt.verticaltechnik.ch\/product\/cloture-1600-x-3000\/"},"modified":"2025-08-28T10:19:57","modified_gmt":"2025-08-28T10:19:57","slug":"cloture-1600-x-3000","status":"publish","type":"product","link":"https:\/\/verticaltechnik.ch\/fr\/product\/cloture-1600-x-3000\/","title":{"rendered":"Cl\u00f4ture 1600 x 3000"},"content":{"rendered":"<p>Rambarde pour skateparks en acier galvanis\u00e9, fix\u00e9e au sol sur des fondations en b\u00e9ton pr\u00e9par\u00e9es par le client, viss\u00e9es entre elles.<\/p>\n","protected":false},"excerpt":{"rendered":"<p>Rambarde pour skateparks en acier galvanis\u00e9, fix\u00e9e au sol sur des fondations en b\u00e9ton pr\u00e9par\u00e9es par le client, viss\u00e9es entre elles.<\/p>\n","protected":false},"featured_media":43258,"template":"","meta":[],"product_brand":[],"product_cat":[11949],"product_tag":[],"class_list":{"0":"post-48699","1":"product","2":"type-product","3":"status-publish","4":"has-post-thumbnail","6":"product_cat-barrieres","8":"first","9":"instock","10":"shipping-taxable","11":"purchasable","12":"product-type-simple"},"_links":{"self":[{"href":"https:\/\/verticaltechnik.ch\/fr\/wp-json\/wp\/v2\/product\/48699","targetHints":{"allow":["GET"]}}],"collection":[{"href":"https:\/\/verticaltechnik.ch\/fr\/wp-json\/wp\/v2\/product"}],"about":[{"href":"https:\/\/verticaltechnik.ch\/fr\/wp-json\/wp\/v2\/types\/product"}],"wp:featuredmedia":[{"embeddable":true,"href":"https:\/\/verticaltechnik.ch\/fr\/wp-json\/wp\/v2\/media\/43258"}],"wp:attachment":[{"href":"https:\/\/verticaltechnik.ch\/fr\/wp-json\/wp\/v2\/media?parent=48699"}],"wp:term":[{"taxonomy":"product_brand","embeddable":true,"href":"https:\/\/verticaltechnik.ch\/fr\/wp-json\/wp\/v2\/product_brand?post=48699"},{"taxonomy":"product_cat","embeddable":true,"href":"https:\/\/verticaltechnik.ch\/fr\/wp-json\/wp\/v2\/product_cat?post=48699"},{"taxonomy":"product_tag","embeddable":true,"href":"https:\/\/verticaltechnik.ch\/fr\/wp-json\/wp\/v2\/product_tag?post=48699"}],"curies":[{"name":"wp","href":"https:\/\/api.w.org\/{rel}","templated":true}]}}