{"id":48704,"date":"2025-08-28T10:20:04","date_gmt":"2025-08-28T10:20:04","guid":{"rendered":"https:\/\/newvt.verticaltechnik.ch\/product\/portail-pour-cloture-1100\/"},"modified":"2025-08-28T10:20:04","modified_gmt":"2025-08-28T10:20:04","slug":"portail-pour-cloture-1100","status":"publish","type":"product","link":"https:\/\/verticaltechnik.ch\/fr\/produit\/portail-pour-cloture-1100\/","title":{"rendered":"Portail pour cl\u00f4ture 1100"},"content":{"rendered":"<p>Portail d&rsquo;entr\u00e9e galvanis\u00e9 \u00e0 deux vantaux, un vantail avec verrou de blocage et but\u00e9e, un vantail avec b\u00e9quille de porte en aluminium ainsi que KABA 8 cylindres et deux cl\u00e9s, poteaux de portail en tube d&rsquo;acier carr\u00e9 avec plaques \u00e0 bride pour la fixation sur des socles en b\u00e9ton pr\u00e9par\u00e9s par le client, accessoires&nbsp;: ferme-porte pour portail d&rsquo;entr\u00e9e num\u00e9ro d&rsquo;article K00687<\/p>\n","protected":false},"excerpt":{"rendered":"<p>Portail d&rsquo;entr\u00e9e galvanis\u00e9 \u00e0 deux vantaux, un vantail avec verrou de blocage et but\u00e9e, un vantail avec b\u00e9quille de porte en aluminium ainsi que KABA 8 cylindres et deux cl\u00e9s,&#8230;<\/p>\n","protected":false},"featured_media":43254,"template":"","meta":[],"product_brand":[],"product_cat":[11949],"product_tag":[],"class_list":{"0":"post-48704","1":"product","2":"type-product","3":"status-publish","4":"has-post-thumbnail","6":"product_cat-barrieres","8":"first","9":"instock","10":"shipping-taxable","11":"purchasable","12":"product-type-simple"},"_links":{"self":[{"href":"https:\/\/verticaltechnik.ch\/fr\/wp-json\/wp\/v2\/product\/48704","targetHints":{"allow":["GET"]}}],"collection":[{"href":"https:\/\/verticaltechnik.ch\/fr\/wp-json\/wp\/v2\/product"}],"about":[{"href":"https:\/\/verticaltechnik.ch\/fr\/wp-json\/wp\/v2\/types\/product"}],"wp:featuredmedia":[{"embeddable":true,"href":"https:\/\/verticaltechnik.ch\/fr\/wp-json\/wp\/v2\/media\/43254"}],"wp:attachment":[{"href":"https:\/\/verticaltechnik.ch\/fr\/wp-json\/wp\/v2\/media?parent=48704"}],"wp:term":[{"taxonomy":"product_brand","embeddable":true,"href":"https:\/\/verticaltechnik.ch\/fr\/wp-json\/wp\/v2\/product_brand?post=48704"},{"taxonomy":"product_cat","embeddable":true,"href":"https:\/\/verticaltechnik.ch\/fr\/wp-json\/wp\/v2\/product_cat?post=48704"},{"taxonomy":"product_tag","embeddable":true,"href":"https:\/\/verticaltechnik.ch\/fr\/wp-json\/wp\/v2\/product_tag?post=48704"}],"curies":[{"name":"wp","href":"https:\/\/api.w.org\/{rel}","templated":true}]}}