{"id":48705,"date":"2025-08-28T10:19:08","date_gmt":"2025-08-28T10:19:08","guid":{"rendered":"https:\/\/newvt.verticaltechnik.ch\/product\/cloture-1100-x-2175\/"},"modified":"2025-08-28T10:19:08","modified_gmt":"2025-08-28T10:19:08","slug":"cloture-1100-x-2175","status":"publish","type":"product","link":"https:\/\/verticaltechnik.ch\/fr\/produit\/cloture-1100-x-2175\/","title":{"rendered":"Cl\u00f4ture 1100 x 2175"},"content":{"rendered":"<p>Rambarde pour skateparks en acier galvanis\u00e9, fix\u00e9e au sol sur des fondations en b\u00e9ton pr\u00e9par\u00e9es par le client, viss\u00e9es entre elles.<\/p>\n","protected":false},"excerpt":{"rendered":"<p>Rambarde pour skateparks en acier galvanis\u00e9, fix\u00e9e au sol sur des fondations en b\u00e9ton pr\u00e9par\u00e9es par le client, viss\u00e9es entre elles.<\/p>\n","protected":false},"featured_media":43262,"template":"","meta":[],"product_brand":[],"product_cat":[11949],"product_tag":[],"class_list":{"0":"post-48705","1":"product","2":"type-product","3":"status-publish","4":"has-post-thumbnail","6":"product_cat-barrieres","8":"first","9":"instock","10":"shipping-taxable","11":"purchasable","12":"product-type-simple"},"_links":{"self":[{"href":"https:\/\/verticaltechnik.ch\/fr\/wp-json\/wp\/v2\/product\/48705","targetHints":{"allow":["GET"]}}],"collection":[{"href":"https:\/\/verticaltechnik.ch\/fr\/wp-json\/wp\/v2\/product"}],"about":[{"href":"https:\/\/verticaltechnik.ch\/fr\/wp-json\/wp\/v2\/types\/product"}],"wp:featuredmedia":[{"embeddable":true,"href":"https:\/\/verticaltechnik.ch\/fr\/wp-json\/wp\/v2\/media\/43262"}],"wp:attachment":[{"href":"https:\/\/verticaltechnik.ch\/fr\/wp-json\/wp\/v2\/media?parent=48705"}],"wp:term":[{"taxonomy":"product_brand","embeddable":true,"href":"https:\/\/verticaltechnik.ch\/fr\/wp-json\/wp\/v2\/product_brand?post=48705"},{"taxonomy":"product_cat","embeddable":true,"href":"https:\/\/verticaltechnik.ch\/fr\/wp-json\/wp\/v2\/product_cat?post=48705"},{"taxonomy":"product_tag","embeddable":true,"href":"https:\/\/verticaltechnik.ch\/fr\/wp-json\/wp\/v2\/product_tag?post=48705"}],"curies":[{"name":"wp","href":"https:\/\/api.w.org\/{rel}","templated":true}]}}