{"id":48709,"date":"2025-08-28T10:19:07","date_gmt":"2025-08-28T10:19:07","guid":{"rendered":"https:\/\/newvt.verticaltechnik.ch\/product\/plaque-de-base-double-pour-cloture\/"},"modified":"2025-08-28T10:19:07","modified_gmt":"2025-08-28T10:19:07","slug":"plaque-de-base-double-pour-cloture","status":"publish","type":"product","link":"https:\/\/verticaltechnik.ch\/fr\/produit\/plaque-de-base-double-pour-cloture\/","title":{"rendered":"Plaque de base double pour cl\u00f4ture"},"content":{"rendered":"<p>Plaque avec tube d&rsquo;alimentation pour cl\u00f4ture, en acier galvanis\u00e9 de 10 mm d&rsquo;\u00e9paisseur, pour recevoir deux \u00e9l\u00e9ments de cl\u00f4ture, fixation sur socle en b\u00e9ton avec ancrage en b\u00e9ton M10x120 galvanis\u00e9<\/p>\n","protected":false},"excerpt":{"rendered":"<p>Plaque avec tube d&rsquo;alimentation pour cl\u00f4ture, en acier galvanis\u00e9 de 10 mm d&rsquo;\u00e9paisseur, pour recevoir deux \u00e9l\u00e9ments de cl\u00f4ture, fixation sur socle en b\u00e9ton avec ancrage en b\u00e9ton M10x120 galvanis\u00e9<\/p>\n","protected":false},"featured_media":43266,"template":"","meta":[],"product_brand":[],"product_cat":[11949],"product_tag":[],"class_list":{"0":"post-48709","1":"product","2":"type-product","3":"status-publish","4":"has-post-thumbnail","6":"product_cat-barrieres","8":"first","9":"instock","10":"shipping-taxable","11":"purchasable","12":"product-type-simple"},"_links":{"self":[{"href":"https:\/\/verticaltechnik.ch\/fr\/wp-json\/wp\/v2\/product\/48709","targetHints":{"allow":["GET"]}}],"collection":[{"href":"https:\/\/verticaltechnik.ch\/fr\/wp-json\/wp\/v2\/product"}],"about":[{"href":"https:\/\/verticaltechnik.ch\/fr\/wp-json\/wp\/v2\/types\/product"}],"wp:featuredmedia":[{"embeddable":true,"href":"https:\/\/verticaltechnik.ch\/fr\/wp-json\/wp\/v2\/media\/43266"}],"wp:attachment":[{"href":"https:\/\/verticaltechnik.ch\/fr\/wp-json\/wp\/v2\/media?parent=48709"}],"wp:term":[{"taxonomy":"product_brand","embeddable":true,"href":"https:\/\/verticaltechnik.ch\/fr\/wp-json\/wp\/v2\/product_brand?post=48709"},{"taxonomy":"product_cat","embeddable":true,"href":"https:\/\/verticaltechnik.ch\/fr\/wp-json\/wp\/v2\/product_cat?post=48709"},{"taxonomy":"product_tag","embeddable":true,"href":"https:\/\/verticaltechnik.ch\/fr\/wp-json\/wp\/v2\/product_tag?post=48709"}],"curies":[{"name":"wp","href":"https:\/\/api.w.org\/{rel}","templated":true}]}}