{"id":48712,"date":"2025-08-28T10:19:04","date_gmt":"2025-08-28T10:19:04","guid":{"rendered":"https:\/\/newvt.verticaltechnik.ch\/product\/section-en-acier-plat-courbee\/"},"modified":"2025-08-28T10:19:04","modified_gmt":"2025-08-28T10:19:04","slug":"section-en-acier-plat-courbee","status":"publish","type":"product","link":"https:\/\/verticaltechnik.ch\/fr\/produit\/section-en-acier-plat-courbee\/","title":{"rendered":"Section en acier plat courb\u00e9e"},"content":{"rendered":"<p>Profil\u00e9 en acier courb\u00e9 pour la fixation lat\u00e9rale du profil\u00e9 P EPDM. Cela permet de serrer et de stabiliser le profil\u00e9 en caoutchouc. Les vissages sans profil\u00e9 en acier sont moins r\u00e9sistants au vandalisme. Les t\u00eates de vis peuvent se d\u00e9chirer \u00e0 travers le caoutchouc. Indiquez-nous vos rayons et longueurs, nous courbons les profil\u00e9s en acier individuellement, m\u00eame pour les marques tierces.     <\/p>\n","protected":false},"excerpt":{"rendered":"<p>Profil\u00e9 en acier courb\u00e9 pour la fixation lat\u00e9rale du profil\u00e9 P EPDM. Cela permet de serrer et de stabiliser le profil\u00e9 en caoutchouc. Les vissages sans profil\u00e9 en acier sont&#8230;<\/p>\n","protected":false},"featured_media":43274,"template":"","meta":[],"product_brand":[],"product_cat":[11953],"product_tag":[],"class_list":{"0":"post-48712","1":"product","2":"type-product","3":"status-publish","4":"has-post-thumbnail","6":"product_cat-protection-des-aretes","8":"first","9":"instock","10":"shipping-taxable","11":"purchasable","12":"product-type-simple"},"_links":{"self":[{"href":"https:\/\/verticaltechnik.ch\/fr\/wp-json\/wp\/v2\/product\/48712","targetHints":{"allow":["GET"]}}],"collection":[{"href":"https:\/\/verticaltechnik.ch\/fr\/wp-json\/wp\/v2\/product"}],"about":[{"href":"https:\/\/verticaltechnik.ch\/fr\/wp-json\/wp\/v2\/types\/product"}],"wp:featuredmedia":[{"embeddable":true,"href":"https:\/\/verticaltechnik.ch\/fr\/wp-json\/wp\/v2\/media\/43274"}],"wp:attachment":[{"href":"https:\/\/verticaltechnik.ch\/fr\/wp-json\/wp\/v2\/media?parent=48712"}],"wp:term":[{"taxonomy":"product_brand","embeddable":true,"href":"https:\/\/verticaltechnik.ch\/fr\/wp-json\/wp\/v2\/product_brand?post=48712"},{"taxonomy":"product_cat","embeddable":true,"href":"https:\/\/verticaltechnik.ch\/fr\/wp-json\/wp\/v2\/product_cat?post=48712"},{"taxonomy":"product_tag","embeddable":true,"href":"https:\/\/verticaltechnik.ch\/fr\/wp-json\/wp\/v2\/product_tag?post=48712"}],"curies":[{"name":"wp","href":"https:\/\/api.w.org\/{rel}","templated":true}]}}