{"id":48716,"date":"2025-08-28T10:19:06","date_gmt":"2025-08-28T10:19:06","guid":{"rendered":"https:\/\/newvt.verticaltechnik.ch\/product\/plaque-de-pied-pour-cloture\/"},"modified":"2025-08-28T10:19:06","modified_gmt":"2025-08-28T10:19:06","slug":"plaque-de-pied-pour-cloture","status":"publish","type":"product","link":"https:\/\/verticaltechnik.ch\/fr\/produit\/plaque-de-pied-pour-cloture\/","title":{"rendered":"Plaque de pied pour cl\u00f4ture"},"content":{"rendered":"<p>Plaque avec tube d&rsquo;alimentation pour cl\u00f4ture, en acier galvanis\u00e9 de 10 mm d&rsquo;\u00e9paisseur, pour la r\u00e9ception d&rsquo;un \u00e9l\u00e9ment de cl\u00f4ture, fixation sur socle en b\u00e9ton avec ancrage b\u00e9ton M10x120 galvanis\u00e9<\/p>\n","protected":false},"excerpt":{"rendered":"<p>Plaque avec tube d&rsquo;alimentation pour cl\u00f4ture, en acier galvanis\u00e9 de 10 mm d&rsquo;\u00e9paisseur, pour la r\u00e9ception d&rsquo;un \u00e9l\u00e9ment de cl\u00f4ture, fixation sur socle en b\u00e9ton avec ancrage b\u00e9ton M10x120 galvanis\u00e9<\/p>\n","protected":false},"featured_media":43270,"template":"","meta":[],"product_brand":[],"product_cat":[11949],"product_tag":[],"class_list":{"0":"post-48716","1":"product","2":"type-product","3":"status-publish","4":"has-post-thumbnail","6":"product_cat-barrieres","8":"first","9":"instock","10":"shipping-taxable","11":"purchasable","12":"product-type-simple"},"_links":{"self":[{"href":"https:\/\/verticaltechnik.ch\/fr\/wp-json\/wp\/v2\/product\/48716","targetHints":{"allow":["GET"]}}],"collection":[{"href":"https:\/\/verticaltechnik.ch\/fr\/wp-json\/wp\/v2\/product"}],"about":[{"href":"https:\/\/verticaltechnik.ch\/fr\/wp-json\/wp\/v2\/types\/product"}],"wp:featuredmedia":[{"embeddable":true,"href":"https:\/\/verticaltechnik.ch\/fr\/wp-json\/wp\/v2\/media\/43270"}],"wp:attachment":[{"href":"https:\/\/verticaltechnik.ch\/fr\/wp-json\/wp\/v2\/media?parent=48716"}],"wp:term":[{"taxonomy":"product_brand","embeddable":true,"href":"https:\/\/verticaltechnik.ch\/fr\/wp-json\/wp\/v2\/product_brand?post=48716"},{"taxonomy":"product_cat","embeddable":true,"href":"https:\/\/verticaltechnik.ch\/fr\/wp-json\/wp\/v2\/product_cat?post=48716"},{"taxonomy":"product_tag","embeddable":true,"href":"https:\/\/verticaltechnik.ch\/fr\/wp-json\/wp\/v2\/product_tag?post=48716"}],"curies":[{"name":"wp","href":"https:\/\/api.w.org\/{rel}","templated":true}]}}