{"id":48717,"date":"2025-08-28T10:19:03","date_gmt":"2025-08-28T10:19:03","guid":{"rendered":"https:\/\/newvt.verticaltechnik.ch\/product\/section-en-acier-plat-droite\/"},"modified":"2025-08-28T10:19:03","modified_gmt":"2025-08-28T10:19:03","slug":"section-en-acier-plat-droite","status":"publish","type":"product","link":"https:\/\/verticaltechnik.ch\/fr\/produit\/section-en-acier-plat-droite\/","title":{"rendered":"Section en acier plat droite"},"content":{"rendered":"<p>Profil\u00e9 en acier droit pour la fixation lat\u00e9rale du profil\u00e9 P EPDM. Le profil\u00e9 en caoutchouc est ainsi serr\u00e9 et stabilis\u00e9. Les vissages sans profil\u00e9 en acier sont moins s\u00fbrs contre le vandalisme. Les t\u00eates de vis peuvent \u00eatre arrach\u00e9es \u00e0 travers le caoutchouc sans profil\u00e9 en acier. Indiquez-nous vos dimensions de longueur. Nous fabriquons les profil\u00e9s en acier individuellement, m\u00eame pour les marques tierces.      <\/p>\n","protected":false},"excerpt":{"rendered":"<p>Profil\u00e9 en acier droit pour la fixation lat\u00e9rale du profil\u00e9 P EPDM. Le profil\u00e9 en caoutchouc est ainsi serr\u00e9 et stabilis\u00e9. Les vissages sans profil\u00e9 en acier sont moins s\u00fbrs&#8230;<\/p>\n","protected":false},"featured_media":43278,"template":"","meta":[],"product_brand":[],"product_cat":[11953],"product_tag":[],"class_list":{"0":"post-48717","1":"product","2":"type-product","3":"status-publish","4":"has-post-thumbnail","6":"product_cat-protection-des-aretes","8":"first","9":"instock","10":"shipping-taxable","11":"purchasable","12":"product-type-simple"},"_links":{"self":[{"href":"https:\/\/verticaltechnik.ch\/fr\/wp-json\/wp\/v2\/product\/48717","targetHints":{"allow":["GET"]}}],"collection":[{"href":"https:\/\/verticaltechnik.ch\/fr\/wp-json\/wp\/v2\/product"}],"about":[{"href":"https:\/\/verticaltechnik.ch\/fr\/wp-json\/wp\/v2\/types\/product"}],"wp:featuredmedia":[{"embeddable":true,"href":"https:\/\/verticaltechnik.ch\/fr\/wp-json\/wp\/v2\/media\/43278"}],"wp:attachment":[{"href":"https:\/\/verticaltechnik.ch\/fr\/wp-json\/wp\/v2\/media?parent=48717"}],"wp:term":[{"taxonomy":"product_brand","embeddable":true,"href":"https:\/\/verticaltechnik.ch\/fr\/wp-json\/wp\/v2\/product_brand?post=48717"},{"taxonomy":"product_cat","embeddable":true,"href":"https:\/\/verticaltechnik.ch\/fr\/wp-json\/wp\/v2\/product_cat?post=48717"},{"taxonomy":"product_tag","embeddable":true,"href":"https:\/\/verticaltechnik.ch\/fr\/wp-json\/wp\/v2\/product_tag?post=48717"}],"curies":[{"name":"wp","href":"https:\/\/api.w.org\/{rel}","templated":true}]}}