{"id":48720,"date":"2025-08-28T10:19:01","date_gmt":"2025-08-28T10:19:01","guid":{"rendered":"https:\/\/newvt.verticaltechnik.ch\/product\/protecteur-en-caoutchouc-p-et-section-en-acier-plat-courbee\/"},"modified":"2025-08-28T10:19:01","modified_gmt":"2025-08-28T10:19:01","slug":"protecteur-en-caoutchouc-p-et-section-en-acier-plat-courbee","status":"publish","type":"product","link":"https:\/\/verticaltechnik.ch\/fr\/produit\/protecteur-en-caoutchouc-p-et-section-en-acier-plat-courbee\/","title":{"rendered":"Protecteur en caoutchouc P et section en acier plat courb\u00e9e"},"content":{"rendered":"<p>Afin de r\u00e9duire le risque de blessures sur les installations de skate, nous avons d\u00e9velopp\u00e9 des profil\u00e9s de protection des ar\u00eates en caoutchouc. Ils r\u00e9duisent le risque de blessures dans la zone des ar\u00eates et sont recommand\u00e9s par les normes de s\u00e9curit\u00e9 en vigueur.  <\/p>\n<p>Profil\u00e9 de protection P en EPDM :<br \/>\n\u2022 Protection des sportifs dans la zone des ar\u00eates<br \/>\n\u2022 Montage ult\u00e9rieur suppl\u00e9mentaire possible sur toutes les installations (m\u00eame les marques tierces)<br \/>\n\u2022 Fixation lat\u00e9rale dans un cadre en acier ou dans le bois. Fix\u00e9 par un profil\u00e9 en acier galvanis\u00e9 disponible s\u00e9par\u00e9ment. Nous le plions selon vos dimensions.<br \/>\n\u2022 Droit, courb\u00e9 ou coud\u00e9<br \/>\n\u2022 Non carrossable<br \/>\n\u2022 Mat\u00e9riau : Caoutchouc EPDM<br \/>\n\u2022 R\u00e9sistant aux chocs et aux intemp\u00e9ries<br \/>\n\u2022 Fabriqu\u00e9 selon la norme DIN-33943<br \/>\n+ Profil\u00e9 en acier courb\u00e9 pour la fixation lat\u00e9rale du profil\u00e9 P en EPDM. Le profil\u00e9 en caoutchouc est ainsi serr\u00e9 et stabilis\u00e9. Les vissages sans profil\u00e9 en acier sont moins r\u00e9sistants au vandalisme. Les t\u00eates de vis peuvent \u00eatre arrach\u00e9es \u00e0 travers le caoutchouc. Indiquez-nous vos rayons et longueurs, nous plions les profil\u00e9s en acier individuellement, m\u00eame pour les marques tierces.      <\/p>\n","protected":false},"excerpt":{"rendered":"<p>Afin de r\u00e9duire le risque de blessures sur les installations de skate, nous avons d\u00e9velopp\u00e9 des profil\u00e9s de protection des ar\u00eates en caoutchouc. Ils r\u00e9duisent le risque de blessures dans&#8230;<\/p>\n","protected":false},"featured_media":43286,"template":"","meta":[],"product_brand":[],"product_cat":[11953],"product_tag":[],"class_list":{"0":"post-48720","1":"product","2":"type-product","3":"status-publish","4":"has-post-thumbnail","6":"product_cat-protection-des-aretes","8":"first","9":"instock","10":"shipping-taxable","11":"purchasable","12":"product-type-simple"},"_links":{"self":[{"href":"https:\/\/verticaltechnik.ch\/fr\/wp-json\/wp\/v2\/product\/48720","targetHints":{"allow":["GET"]}}],"collection":[{"href":"https:\/\/verticaltechnik.ch\/fr\/wp-json\/wp\/v2\/product"}],"about":[{"href":"https:\/\/verticaltechnik.ch\/fr\/wp-json\/wp\/v2\/types\/product"}],"wp:featuredmedia":[{"embeddable":true,"href":"https:\/\/verticaltechnik.ch\/fr\/wp-json\/wp\/v2\/media\/43286"}],"wp:attachment":[{"href":"https:\/\/verticaltechnik.ch\/fr\/wp-json\/wp\/v2\/media?parent=48720"}],"wp:term":[{"taxonomy":"product_brand","embeddable":true,"href":"https:\/\/verticaltechnik.ch\/fr\/wp-json\/wp\/v2\/product_brand?post=48720"},{"taxonomy":"product_cat","embeddable":true,"href":"https:\/\/verticaltechnik.ch\/fr\/wp-json\/wp\/v2\/product_cat?post=48720"},{"taxonomy":"product_tag","embeddable":true,"href":"https:\/\/verticaltechnik.ch\/fr\/wp-json\/wp\/v2\/product_tag?post=48720"}],"curies":[{"name":"wp","href":"https:\/\/api.w.org\/{rel}","templated":true}]}}