{"id":48723,"date":"2025-08-28T10:19:02","date_gmt":"2025-08-28T10:19:02","guid":{"rendered":"https:\/\/newvt.verticaltechnik.ch\/product\/profil-de-protection-des-bords-p-en-caoutchouc-profil-a-3-m\/"},"modified":"2025-08-28T10:19:02","modified_gmt":"2025-08-28T10:19:02","slug":"profil-de-protection-des-bords-p-en-caoutchouc-profil-a-3-m","status":"publish","type":"product","link":"https:\/\/verticaltechnik.ch\/fr\/produit\/profil-de-protection-des-bords-p-en-caoutchouc-profil-a-3-m\/","title":{"rendered":"Profil de protection des bords P en caoutchouc (profil \u00e0 3 m)"},"content":{"rendered":"<p>Afin de r\u00e9duire le risque de blessures sur les installations de skate, nous avons d\u00e9velopp\u00e9 des profil\u00e9s de protection des ar\u00eates en caoutchouc. Ils r\u00e9duisent le risque de blessures dans la zone des ar\u00eates et sont recommand\u00e9s par les normes de s\u00e9curit\u00e9 en vigueur.  <\/p>\n<p>Caract\u00e9ristique Profil P EPDM&nbsp;:<br \/>\n\u2022 Longueur de stockage 3 m<br \/>\n\u2022 Protection des sportifs dans la zone des bords<br \/>\n\u2022 Montage ult\u00e9rieur suppl\u00e9mentaire possible sur toutes les installations (m\u00eame marques tierces)<br \/>\n\u2022 Fixation lat\u00e9rale dans un cadre en acier ou dans le bois. Serr\u00e9 par un profil\u00e9 en acier galvanis\u00e9 disponible s\u00e9par\u00e9ment. Nous le plions selon vos indications de dimensions.<br \/>\n\u2022 Droit, courb\u00e9 ou coud\u00e9<br \/>\n\u2022 Non praticable<br \/>\n\u2022 Mat\u00e9riau&nbsp;: Caoutchouc EPDM<br \/>\n\u2022 R\u00e9sistant aux chocs et aux intemp\u00e9ries<br \/>\n\u2022 Fabriqu\u00e9 selon DIN-33943   <\/p>\n","protected":false},"excerpt":{"rendered":"<p>Afin de r\u00e9duire le risque de blessures sur les installations de skate, nous avons d\u00e9velopp\u00e9 des profil\u00e9s de protection des ar\u00eates en caoutchouc. Ils r\u00e9duisent le risque de blessures dans&#8230;<\/p>\n","protected":false},"featured_media":43282,"template":"","meta":[],"product_brand":[],"product_cat":[11953],"product_tag":[],"class_list":{"0":"post-48723","1":"product","2":"type-product","3":"status-publish","4":"has-post-thumbnail","6":"product_cat-protection-des-aretes","8":"first","9":"instock","10":"shipping-taxable","11":"purchasable","12":"product-type-simple"},"_links":{"self":[{"href":"https:\/\/verticaltechnik.ch\/fr\/wp-json\/wp\/v2\/product\/48723","targetHints":{"allow":["GET"]}}],"collection":[{"href":"https:\/\/verticaltechnik.ch\/fr\/wp-json\/wp\/v2\/product"}],"about":[{"href":"https:\/\/verticaltechnik.ch\/fr\/wp-json\/wp\/v2\/types\/product"}],"wp:featuredmedia":[{"embeddable":true,"href":"https:\/\/verticaltechnik.ch\/fr\/wp-json\/wp\/v2\/media\/43282"}],"wp:attachment":[{"href":"https:\/\/verticaltechnik.ch\/fr\/wp-json\/wp\/v2\/media?parent=48723"}],"wp:term":[{"taxonomy":"product_brand","embeddable":true,"href":"https:\/\/verticaltechnik.ch\/fr\/wp-json\/wp\/v2\/product_brand?post=48723"},{"taxonomy":"product_cat","embeddable":true,"href":"https:\/\/verticaltechnik.ch\/fr\/wp-json\/wp\/v2\/product_cat?post=48723"},{"taxonomy":"product_tag","embeddable":true,"href":"https:\/\/verticaltechnik.ch\/fr\/wp-json\/wp\/v2\/product_tag?post=48723"}],"curies":[{"name":"wp","href":"https:\/\/api.w.org\/{rel}","templated":true}]}}