{"id":48731,"date":"2025-08-28T10:17:55","date_gmt":"2025-08-28T10:17:55","guid":{"rendered":"https:\/\/newvt.verticaltechnik.ch\/product\/panneau-dinformation-90x142\/"},"modified":"2025-08-28T10:17:55","modified_gmt":"2025-08-28T10:17:55","slug":"panneau-dinformation-90x142","status":"publish","type":"product","link":"https:\/\/verticaltechnik.ch\/fr\/produit\/panneau-dinformation-90x142\/","title":{"rendered":"Panneau d&rsquo;information 90&#215;142"},"content":{"rendered":"<p>Pour l&rsquo;exploitation d&rsquo;un skatepark, nous recommandons de mettre en place un panneau d&rsquo;information conforme \u00e0 la norme EN 14974, indiquant les num\u00e9ros d&rsquo;urgence, les r\u00e8gles de conduite, les heures d&rsquo;ouverture et les contacts, ainsi que les recommandations du BPA. Il est important d&rsquo;informer les utilisateurs et les spectateurs des risques et des r\u00e8gles. Pour les responsables d&rsquo;un skatepark (associations, communes, entreprises, etc.), cette mesure est une \u00e9tape importante pour pr\u00e9venir les probl\u00e8mes avant qu&rsquo;ils ne surviennent.   <\/p>\n<p>Le panneau d&rsquo;information individuel est personnalis\u00e9 et contient les informations suivantes&nbsp;: <\/p>\n<p>- Adresse du fabricant avec logo<br \/>\n- Logo de la commune, des sponsors, de l&rsquo;association, etc.<br \/>\n- R\u00e8gles d&rsquo;utilisation<br \/>\n- Avertissements de danger<br \/>\n- Heures d&rsquo;ouverture<br \/>\n- Num\u00e9ros d&rsquo;urgence<br \/>\n- Adresse de l&rsquo;exploitant<\/p>\n<p>Moyennant un suppl\u00e9ment, le panneau d&rsquo;information peut \u00eatre \u00e9quip\u00e9 d&rsquo;un film anti-graffiti qui permet de nettoyer les tags et les graffitis. <\/p>\n<p>Le panneau d&rsquo;information est g\u00e9n\u00e9ralement fix\u00e9 de mani\u00e8re bien visible sur une rambarde lat\u00e9rale d&rsquo;une installation de skate. En option, le panneau d&rsquo;information peut \u00eatre fix\u00e9 sur un support en acier galvanis\u00e9 qui est b\u00e9tonn\u00e9 dans le sol. Ce produit est compatible avec K00348.  <\/p>\n","protected":false},"excerpt":{"rendered":"<p>Pour l&rsquo;exploitation d&rsquo;un skatepark, nous recommandons de mettre en place un panneau d&rsquo;information conforme \u00e0 la norme EN 14974, indiquant les num\u00e9ros d&rsquo;urgence, les r\u00e8gles de conduite, les heures d&rsquo;ouverture&#8230;<\/p>\n","protected":false},"featured_media":43342,"template":"","meta":[],"product_brand":[],"product_cat":[11957],"product_tag":[],"class_list":{"0":"post-48731","1":"product","2":"type-product","3":"status-publish","4":"has-post-thumbnail","6":"product_cat-signalisation","8":"first","9":"instock","10":"shipping-taxable","11":"purchasable","12":"product-type-simple"},"_links":{"self":[{"href":"https:\/\/verticaltechnik.ch\/fr\/wp-json\/wp\/v2\/product\/48731","targetHints":{"allow":["GET"]}}],"collection":[{"href":"https:\/\/verticaltechnik.ch\/fr\/wp-json\/wp\/v2\/product"}],"about":[{"href":"https:\/\/verticaltechnik.ch\/fr\/wp-json\/wp\/v2\/types\/product"}],"wp:featuredmedia":[{"embeddable":true,"href":"https:\/\/verticaltechnik.ch\/fr\/wp-json\/wp\/v2\/media\/43342"}],"wp:attachment":[{"href":"https:\/\/verticaltechnik.ch\/fr\/wp-json\/wp\/v2\/media?parent=48731"}],"wp:term":[{"taxonomy":"product_brand","embeddable":true,"href":"https:\/\/verticaltechnik.ch\/fr\/wp-json\/wp\/v2\/product_brand?post=48731"},{"taxonomy":"product_cat","embeddable":true,"href":"https:\/\/verticaltechnik.ch\/fr\/wp-json\/wp\/v2\/product_cat?post=48731"},{"taxonomy":"product_tag","embeddable":true,"href":"https:\/\/verticaltechnik.ch\/fr\/wp-json\/wp\/v2\/product_tag?post=48731"}],"curies":[{"name":"wp","href":"https:\/\/api.w.org\/{rel}","templated":true}]}}