{"id":48735,"date":"2025-08-28T09:43:17","date_gmt":"2025-08-28T09:43:17","guid":{"rendered":"https:\/\/newvt.verticaltechnik.ch\/product\/bank-curb-950-20-2-4m\/"},"modified":"2026-02-04T13:50:54","modified_gmt":"2026-02-04T13:50:54","slug":"bank-curb-950-20-2-4m","status":"publish","type":"product","link":"https:\/\/verticaltechnik.ch\/fr\/produit\/bank-curb-950-20-2-4m\/","title":{"rendered":"Bank Curb 950 20\u00b0 2.4m"},"content":{"rendered":"<p>Ce module sert entre autres de rampe de lancement. De la plateforme, on se dirige vers un module central pour y effectuer des figures. En m\u00eame temps, il sert \u00e9galement de module pour effectuer des figures en haut du bord et sur le plan inclin\u00e9 ou pour changer de direction. De nombreuses variations de figures peuvent \u00eatre r\u00e9alis\u00e9es sur le bord, comme des tailslides, des noseslides ou des grinds. Ce produit est compatible avec&nbsp;:<br \/>\nK00075 Enclosure for Bank Curb 950 20\u00b0 2.4m    <\/p>\n","protected":false},"excerpt":{"rendered":"<p>Ce module sert entre autres de rampe de lancement. De la plateforme, on se dirige vers un module central pour y effectuer des figures. En m\u00eame temps, il sert \u00e9galement&#8230;<\/p>\n","protected":false},"featured_media":45022,"template":"","meta":[],"product_brand":[],"product_cat":[11959],"product_tag":[],"class_list":{"0":"post-48735","1":"product","2":"type-product","3":"status-publish","4":"has-post-thumbnail","6":"product_cat-bank-curb-950-20","8":"first","9":"instock","10":"shipping-taxable","11":"purchasable","12":"product-type-simple"},"_links":{"self":[{"href":"https:\/\/verticaltechnik.ch\/fr\/wp-json\/wp\/v2\/product\/48735","targetHints":{"allow":["GET"]}}],"collection":[{"href":"https:\/\/verticaltechnik.ch\/fr\/wp-json\/wp\/v2\/product"}],"about":[{"href":"https:\/\/verticaltechnik.ch\/fr\/wp-json\/wp\/v2\/types\/product"}],"wp:featuredmedia":[{"embeddable":true,"href":"https:\/\/verticaltechnik.ch\/fr\/wp-json\/wp\/v2\/media\/45022"}],"wp:attachment":[{"href":"https:\/\/verticaltechnik.ch\/fr\/wp-json\/wp\/v2\/media?parent=48735"}],"wp:term":[{"taxonomy":"product_brand","embeddable":true,"href":"https:\/\/verticaltechnik.ch\/fr\/wp-json\/wp\/v2\/product_brand?post=48735"},{"taxonomy":"product_cat","embeddable":true,"href":"https:\/\/verticaltechnik.ch\/fr\/wp-json\/wp\/v2\/product_cat?post=48735"},{"taxonomy":"product_tag","embeddable":true,"href":"https:\/\/verticaltechnik.ch\/fr\/wp-json\/wp\/v2\/product_tag?post=48735"}],"curies":[{"name":"wp","href":"https:\/\/api.w.org\/{rel}","templated":true}]}}