{"id":48740,"date":"2025-08-28T10:47:30","date_gmt":"2025-08-28T10:47:30","guid":{"rendered":"https:\/\/newvt.verticaltechnik.ch\/product\/barre-triple-u-1200\/"},"modified":"2026-02-16T16:52:21","modified_gmt":"2026-02-16T16:52:21","slug":"barre-triple-u-1200","status":"publish","type":"product","link":"https:\/\/verticaltechnik.ch\/fr\/product\/barre-triple-u-1200\/","title":{"rendered":"Barre Triple U 1200"},"content":{"rendered":"<p>Tube rond 48,3 x 3,2 mm, galvanis\u00e9, fixation avec plaques \u00e0 bride sur socle en b\u00e9ton avec vis M10 galvanis\u00e9es. <\/p>\n","protected":false},"excerpt":{"rendered":"<p>Tube rond 48,3 x 3,2 mm, galvanis\u00e9, fixation avec plaques \u00e0 bride sur socle en b\u00e9ton avec vis M10 galvanis\u00e9es.<\/p>\n","protected":false},"featured_media":0,"template":"","meta":[],"product_brand":[],"product_cat":[11831],"product_tag":[],"class_list":{"0":"post-48740","1":"product","2":"type-product","3":"status-publish","5":"product_cat-uncategorized","7":"first","8":"instock","9":"shipping-taxable","10":"purchasable","11":"product-type-simple"},"_links":{"self":[{"href":"https:\/\/verticaltechnik.ch\/fr\/wp-json\/wp\/v2\/product\/48740","targetHints":{"allow":["GET"]}}],"collection":[{"href":"https:\/\/verticaltechnik.ch\/fr\/wp-json\/wp\/v2\/product"}],"about":[{"href":"https:\/\/verticaltechnik.ch\/fr\/wp-json\/wp\/v2\/types\/product"}],"wp:attachment":[{"href":"https:\/\/verticaltechnik.ch\/fr\/wp-json\/wp\/v2\/media?parent=48740"}],"wp:term":[{"taxonomy":"product_brand","embeddable":true,"href":"https:\/\/verticaltechnik.ch\/fr\/wp-json\/wp\/v2\/product_brand?post=48740"},{"taxonomy":"product_cat","embeddable":true,"href":"https:\/\/verticaltechnik.ch\/fr\/wp-json\/wp\/v2\/product_cat?post=48740"},{"taxonomy":"product_tag","embeddable":true,"href":"https:\/\/verticaltechnik.ch\/fr\/wp-json\/wp\/v2\/product_tag?post=48740"}],"curies":[{"name":"wp","href":"https:\/\/api.w.org\/{rel}","templated":true}]}}