{"id":48747,"date":"2025-08-28T09:43:19","date_gmt":"2025-08-28T09:43:19","guid":{"rendered":"https:\/\/newvt.verticaltechnik.ch\/product\/bank-curb-950-20-3-96m\/"},"modified":"2026-02-04T13:51:42","modified_gmt":"2026-02-04T13:51:42","slug":"bank-curb-950-20-3-96m","status":"publish","type":"product","link":"https:\/\/verticaltechnik.ch\/fr\/produit\/bank-curb-950-20-3-96m\/","title":{"rendered":"Bank Curb 950 20\u00b0 3.96m"},"content":{"rendered":"<p>Ce module sert, entre autres, de rampe d&rsquo;acc\u00e8s. Depuis la plateforme, on se dirige vers un module central pour y r\u00e9aliser des figures. Il sert \u00e9galement de module pour r\u00e9aliser des figures en haut du bord et sur le plan inclin\u00e9, ou pour changer de direction. De nombreuses variations de figures peuvent \u00eatre r\u00e9alis\u00e9es sur le bord, comme des tailslides, des noseslides ou des grinds. Ce produit est compatible avec&nbsp;:<br \/>\nK00079 Bo\u00eetier pour Bank Curb 950 20\u00b0 3,96&nbsp;m.<\/p>\n","protected":false},"excerpt":{"rendered":"<p>Ce module sert, entre autres, de rampe d&rsquo;acc\u00e8s. Depuis la plateforme, on se dirige vers un module central pour y r\u00e9aliser des figures. Il sert \u00e9galement de module pour r\u00e9aliser&#8230;<\/p>\n","protected":false},"featured_media":45014,"template":"","meta":[],"product_brand":[],"product_cat":[11959],"product_tag":[],"class_list":{"0":"post-48747","1":"product","2":"type-product","3":"status-publish","4":"has-post-thumbnail","6":"product_cat-bank-curb-950-20","8":"first","9":"instock","10":"shipping-taxable","11":"purchasable","12":"product-type-simple"},"_links":{"self":[{"href":"https:\/\/verticaltechnik.ch\/fr\/wp-json\/wp\/v2\/product\/48747","targetHints":{"allow":["GET"]}}],"collection":[{"href":"https:\/\/verticaltechnik.ch\/fr\/wp-json\/wp\/v2\/product"}],"about":[{"href":"https:\/\/verticaltechnik.ch\/fr\/wp-json\/wp\/v2\/types\/product"}],"wp:featuredmedia":[{"embeddable":true,"href":"https:\/\/verticaltechnik.ch\/fr\/wp-json\/wp\/v2\/media\/45014"}],"wp:attachment":[{"href":"https:\/\/verticaltechnik.ch\/fr\/wp-json\/wp\/v2\/media?parent=48747"}],"wp:term":[{"taxonomy":"product_brand","embeddable":true,"href":"https:\/\/verticaltechnik.ch\/fr\/wp-json\/wp\/v2\/product_brand?post=48747"},{"taxonomy":"product_cat","embeddable":true,"href":"https:\/\/verticaltechnik.ch\/fr\/wp-json\/wp\/v2\/product_cat?post=48747"},{"taxonomy":"product_tag","embeddable":true,"href":"https:\/\/verticaltechnik.ch\/fr\/wp-json\/wp\/v2\/product_tag?post=48747"}],"curies":[{"name":"wp","href":"https:\/\/api.w.org\/{rel}","templated":true}]}}