{"id":48777,"date":"2025-08-28T10:17:59","date_gmt":"2025-08-28T10:17:59","guid":{"rendered":"https:\/\/newvt.verticaltechnik.ch\/product\/support-pour-panneau-dinformation-70-x-100-cm\/"},"modified":"2025-08-28T10:17:59","modified_gmt":"2025-08-28T10:17:59","slug":"support-pour-panneau-dinformation-70-x-100-cm","status":"publish","type":"product","link":"https:\/\/verticaltechnik.ch\/fr\/produit\/support-pour-panneau-dinformation-70-x-100-cm\/","title":{"rendered":"Support pour panneau d&rsquo;information 70 x 100 cm"},"content":{"rendered":"<p>Ce support en acier galvanis\u00e9 est install\u00e9 sur une fondation fournie sur site dans la zone d&rsquo;entr\u00e9e. Ce produit est compatible avec K00699, K00702, K00703, K02098. <\/p>\n","protected":false},"excerpt":{"rendered":"<p>Ce support en acier galvanis\u00e9 est install\u00e9 sur une fondation fournie sur site dans la zone d&rsquo;entr\u00e9e. Ce produit est compatible avec K00699, K00702, K00703, K02098.<\/p>\n","protected":false},"featured_media":43330,"template":"","meta":[],"product_brand":[],"product_cat":[11957],"product_tag":[],"class_list":{"0":"post-48777","1":"product","2":"type-product","3":"status-publish","4":"has-post-thumbnail","6":"product_cat-signalisation","8":"first","9":"instock","10":"shipping-taxable","11":"purchasable","12":"product-type-simple"},"_links":{"self":[{"href":"https:\/\/verticaltechnik.ch\/fr\/wp-json\/wp\/v2\/product\/48777","targetHints":{"allow":["GET"]}}],"collection":[{"href":"https:\/\/verticaltechnik.ch\/fr\/wp-json\/wp\/v2\/product"}],"about":[{"href":"https:\/\/verticaltechnik.ch\/fr\/wp-json\/wp\/v2\/types\/product"}],"wp:featuredmedia":[{"embeddable":true,"href":"https:\/\/verticaltechnik.ch\/fr\/wp-json\/wp\/v2\/media\/43330"}],"wp:attachment":[{"href":"https:\/\/verticaltechnik.ch\/fr\/wp-json\/wp\/v2\/media?parent=48777"}],"wp:term":[{"taxonomy":"product_brand","embeddable":true,"href":"https:\/\/verticaltechnik.ch\/fr\/wp-json\/wp\/v2\/product_brand?post=48777"},{"taxonomy":"product_cat","embeddable":true,"href":"https:\/\/verticaltechnik.ch\/fr\/wp-json\/wp\/v2\/product_cat?post=48777"},{"taxonomy":"product_tag","embeddable":true,"href":"https:\/\/verticaltechnik.ch\/fr\/wp-json\/wp\/v2\/product_tag?post=48777"}],"curies":[{"name":"wp","href":"https:\/\/api.w.org\/{rel}","templated":true}]}}