{"id":48778,"date":"2025-08-28T10:17:58","date_gmt":"2025-08-28T10:17:58","guid":{"rendered":"https:\/\/newvt.verticaltechnik.ch\/product\/support-k00700-pour-panneau-dinformation-50-x-80\/"},"modified":"2025-08-28T10:17:58","modified_gmt":"2025-08-28T10:17:58","slug":"support-k00700-pour-panneau-dinformation-50-x-80","status":"publish","type":"product","link":"https:\/\/verticaltechnik.ch\/fr\/produit\/support-k00700-pour-panneau-dinformation-50-x-80\/","title":{"rendered":"Support K00700 pour panneau d&rsquo;information 50 x 80"},"content":{"rendered":"<p>Ce support en acier galvanis\u00e9 peut \u00eatre install\u00e9 n&rsquo;importe o\u00f9 sur un sol en goudron ou sur un sol en herbe. Cela permet de le placer directement dans la zone d&rsquo;entr\u00e9e o\u00f9 il est vu par chaque utilisateur. Ce produit est compatible avec K00748  <\/p>\n","protected":false},"excerpt":{"rendered":"<p>Ce support en acier galvanis\u00e9 peut \u00eatre install\u00e9 n&rsquo;importe o\u00f9 sur un sol en goudron ou sur un sol en herbe. Cela permet de le placer directement dans la zone&#8230;<\/p>\n","protected":false},"featured_media":43334,"template":"","meta":[],"product_brand":[],"product_cat":[11957],"product_tag":[],"class_list":{"0":"post-48778","1":"product","2":"type-product","3":"status-publish","4":"has-post-thumbnail","6":"product_cat-signalisation","8":"first","9":"instock","10":"shipping-taxable","11":"purchasable","12":"product-type-simple"},"_links":{"self":[{"href":"https:\/\/verticaltechnik.ch\/fr\/wp-json\/wp\/v2\/product\/48778","targetHints":{"allow":["GET"]}}],"collection":[{"href":"https:\/\/verticaltechnik.ch\/fr\/wp-json\/wp\/v2\/product"}],"about":[{"href":"https:\/\/verticaltechnik.ch\/fr\/wp-json\/wp\/v2\/types\/product"}],"wp:featuredmedia":[{"embeddable":true,"href":"https:\/\/verticaltechnik.ch\/fr\/wp-json\/wp\/v2\/media\/43334"}],"wp:attachment":[{"href":"https:\/\/verticaltechnik.ch\/fr\/wp-json\/wp\/v2\/media?parent=48778"}],"wp:term":[{"taxonomy":"product_brand","embeddable":true,"href":"https:\/\/verticaltechnik.ch\/fr\/wp-json\/wp\/v2\/product_brand?post=48778"},{"taxonomy":"product_cat","embeddable":true,"href":"https:\/\/verticaltechnik.ch\/fr\/wp-json\/wp\/v2\/product_cat?post=48778"},{"taxonomy":"product_tag","embeddable":true,"href":"https:\/\/verticaltechnik.ch\/fr\/wp-json\/wp\/v2\/product_tag?post=48778"}],"curies":[{"name":"wp","href":"https:\/\/api.w.org\/{rel}","templated":true}]}}