{"id":48784,"date":"2025-08-28T10:17:57","date_gmt":"2025-08-28T10:17:57","guid":{"rendered":"https:\/\/newvt.verticaltechnik.ch\/product\/panneau-dinformation-70-x-100-cm-skatepark\/"},"modified":"2025-08-28T10:17:57","modified_gmt":"2025-08-28T10:17:57","slug":"panneau-dinformation-70-x-100-cm-skatepark","status":"publish","type":"product","link":"https:\/\/verticaltechnik.ch\/fr\/produit\/panneau-dinformation-70-x-100-cm-skatepark\/","title":{"rendered":"Panneau d&rsquo;information 70 x 100 cm Skatepark"},"content":{"rendered":"<p>Panneau d&rsquo;information conforme aux normes EN 14974 et BfU avec num\u00e9ros d&rsquo;urgence, r\u00e8gles de conduite, heures d&rsquo;ouverture et contacts. Le panneau d&rsquo;information est adapt\u00e9 graphiquement par nos soins selon les souhaits du client et contient les informations suivantes :<br \/>\n- R\u00e8gles d&rsquo;utilisation<br \/>\n- Heures d&rsquo;ouverture<br \/>\n- Num\u00e9ros d&rsquo;urgence<br \/>\n- Adresse du site<br \/>\n- Contact de l&rsquo;exploitant<br \/>\n- Logo de la commune<br \/>\n- Contact du fabricant avec logo<br \/>\nLe panneau d&rsquo;information est g\u00e9n\u00e9ralement plac\u00e9 bien en \u00e9vidence \u00e0 l&rsquo;entr\u00e9e d&rsquo;un skatepark. En option, le panneau d&rsquo;information peut \u00eatre fix\u00e9 sur un support en acier galvanis\u00e9, qui est viss\u00e9 ou b\u00e9tonn\u00e9 dans le sol. Ce produit est compatible avec K00701.   <\/p>\n","protected":false},"excerpt":{"rendered":"<p>Panneau d&rsquo;information conforme aux normes EN 14974 et BfU avec num\u00e9ros d&rsquo;urgence, r\u00e8gles de conduite, heures d&rsquo;ouverture et contacts. Le panneau d&rsquo;information est adapt\u00e9 graphiquement par nos soins selon les&#8230;<\/p>\n","protected":false},"featured_media":43338,"template":"","meta":[],"product_brand":[],"product_cat":[11957],"product_tag":[],"class_list":{"0":"post-48784","1":"product","2":"type-product","3":"status-publish","4":"has-post-thumbnail","6":"product_cat-signalisation","8":"first","9":"instock","10":"shipping-taxable","11":"purchasable","12":"product-type-simple"},"_links":{"self":[{"href":"https:\/\/verticaltechnik.ch\/fr\/wp-json\/wp\/v2\/product\/48784","targetHints":{"allow":["GET"]}}],"collection":[{"href":"https:\/\/verticaltechnik.ch\/fr\/wp-json\/wp\/v2\/product"}],"about":[{"href":"https:\/\/verticaltechnik.ch\/fr\/wp-json\/wp\/v2\/types\/product"}],"wp:featuredmedia":[{"embeddable":true,"href":"https:\/\/verticaltechnik.ch\/fr\/wp-json\/wp\/v2\/media\/43338"}],"wp:attachment":[{"href":"https:\/\/verticaltechnik.ch\/fr\/wp-json\/wp\/v2\/media?parent=48784"}],"wp:term":[{"taxonomy":"product_brand","embeddable":true,"href":"https:\/\/verticaltechnik.ch\/fr\/wp-json\/wp\/v2\/product_brand?post=48784"},{"taxonomy":"product_cat","embeddable":true,"href":"https:\/\/verticaltechnik.ch\/fr\/wp-json\/wp\/v2\/product_cat?post=48784"},{"taxonomy":"product_tag","embeddable":true,"href":"https:\/\/verticaltechnik.ch\/fr\/wp-json\/wp\/v2\/product_tag?post=48784"}],"curies":[{"name":"wp","href":"https:\/\/api.w.org\/{rel}","templated":true}]}}